{"id":120,"date":"2018-10-29T20:03:06","date_gmt":"2018-10-29T20:03:06","guid":{"rendered":"http:\/\/elektronik.nazwa.pl\/wp_new\/?page_id=120"},"modified":"2018-12-08T20:29:54","modified_gmt":"2018-12-08T20:29:54","slug":"szkolenie-komputerowe-ecdl-e-citizen-dla-uczestnikow-projektu-uwierz-w-siebie-zyj-aktywnie","status":"publish","type":"page","link":"https:\/\/zlotyops.pl\/?page_id=120","title":{"rendered":"Szkolenie komputerowe ECDL e-Citizen dla uczestnik\u00f3w projektu &#8222;Uwierz w siebie &#8211; \u017cyj aktywnie&#8221;"},"content":{"rendered":"<h1 style=\"text-align: center;\">ZAPYTANIE OFERTOWE<\/h1>\n<p>na wykonanie zadania pn. Szkolenie komputerowe ECDL e-Citizen dla uczestnik\u00f3w projektu &#8222;Uwierz w siebie &#8211; \u017cyj aktywnie&#8221; realizowanego przez O\u015brodek Pomocy Spo\u0142ecznej w Z\u0142otym Stoku.<\/p>\n<p>Za\u0142\u0105cznik: <a href=\"http:\/\/elektronik.nazwa.pl\/wp_new\/wp-content\/uploads\/2018\/11\/Zapytanie-Ofertowe-3.pdf\">Zapytanie Ofertowe <\/a><\/p>\n<p>Uniewa\u017cnienie: <a href=\"http:\/\/elektronik.nazwa.pl\/wp_new\/wp-content\/uploads\/2018\/12\/uniewaznienie.pdf\">Uniewa\u017cnienie<\/a><\/p>\n","protected":false},"excerpt":{"rendered":"<p>ZAPYTANIE OFERTOWE na wykonanie zadania pn. Szkolenie komputerowe ECDL e-Citizen dla uczestnik\u00f3w projektu &#8222;Uwierz w siebie &#8211; \u017cyj aktywnie&#8221; realizowanego przez O\u015brodek Pomocy Spo\u0142ecznej w Z\u0142otym Stoku. Za\u0142\u0105cznik: Zapytanie Ofertowe Uniewa\u017cnienie: Uniewa\u017cnienie<\/p>\n","protected":false},"author":1,"featured_media":0,"parent":0,"menu_order":0,"comment_status":"closed","ping_status":"closed","template":"","meta":{"footnotes":""},"class_list":["post-120","page","type-page","status-publish","hentry"],"_links":{"self":[{"href":"https:\/\/zlotyops.pl\/index.php?rest_route=\/wp\/v2\/pages\/120","targetHints":{"allow":["GET"]}}],"collection":[{"href":"https:\/\/zlotyops.pl\/index.php?rest_route=\/wp\/v2\/pages"}],"about":[{"href":"https:\/\/zlotyops.pl\/index.php?rest_route=\/wp\/v2\/types\/page"}],"author":[{"embeddable":true,"href":"https:\/\/zlotyops.pl\/index.php?rest_route=\/wp\/v2\/users\/1"}],"replies":[{"embeddable":true,"href":"https:\/\/zlotyops.pl\/index.php?rest_route=%2Fwp%2Fv2%2Fcomments&post=120"}],"version-history":[{"count":6,"href":"https:\/\/zlotyops.pl\/index.php?rest_route=\/wp\/v2\/pages\/120\/revisions"}],"predecessor-version":[{"id":174,"href":"https:\/\/zlotyops.pl\/index.php?rest_route=\/wp\/v2\/pages\/120\/revisions\/174"}],"wp:attachment":[{"href":"https:\/\/zlotyops.pl\/index.php?rest_route=%2Fwp%2Fv2%2Fmedia&parent=120"}],"curies":[{"name":"wp","href":"https:\/\/api.w.org\/{rel}","templated":true}]}}