{"id":122,"date":"2018-10-29T20:03:06","date_gmt":"2018-10-29T20:03:06","guid":{"rendered":"http:\/\/elektronik.nazwa.pl\/wp_new\/?page_id=122"},"modified":"2018-11-09T19:33:02","modified_gmt":"2018-11-09T19:33:02","slug":"organizacja-i-przeprowadzenie-szkolenia-prawo-jazdy-kat-b-dla-trzech-uczestikow-projektu-uwierz-wn-siebie-zyj-aktywnie","status":"publish","type":"page","link":"https:\/\/zlotyops.pl\/?page_id=122","title":{"rendered":"Organizacja i przeprowadzenie szkolenia &#8222;Prawo jazdy kat. B&#8221; dla trzech uczestnik\u00f3w projektu &#8222;Uwierz w siebie &#8211; \u017cyj aktywnie&#8221;"},"content":{"rendered":"<h1 style=\"text-align: center;\">ZAPYTANIE OFERTOWE<\/h1>\n<p>na wykonanie zadania pn. Organizacja i przeprowadzenie szkolenia &#8222;Prawo jazdy kat. B&#8221; oraz ustalenie terminu egzaminu pa\u0144stwowego wraz z jego op\u0142aceniem dla trzech uczestnik\u00f3w projektu &#8222;Uwierz w siebie &#8211; \u017cyj aktywnie&#8221; realizowanego przez O\u015brodek Pomocy Spo\u0142ecznej w Z\u0142otym Stoku.<\/p>\n<p>Za\u0142\u0105cznik: <a href=\"http:\/\/elektronik.nazwa.pl\/wp_new\/wp-content\/uploads\/2018\/10\/Zapytanie_ofertowe_2_20181029.pdf\">Zapytanie ofertowe<\/a><\/p>\n<p>Wyniki: <a href=\"http:\/\/elektronik.nazwa.pl\/wp_new\/wp-content\/uploads\/2018\/11\/zawiadomienie-o-wyborze-oferty-2.pdf\">Zawiadomienie o wyborze oferty<\/a><\/p>\n","protected":false},"excerpt":{"rendered":"<p>ZAPYTANIE OFERTOWE na wykonanie zadania pn. Organizacja i przeprowadzenie szkolenia &#8222;Prawo jazdy kat. B&#8221; oraz ustalenie terminu egzaminu pa\u0144stwowego wraz z jego op\u0142aceniem dla trzech uczestnik\u00f3w projektu &#8222;Uwierz w siebie &#8211; \u017cyj aktywnie&#8221; realizowanego przez O\u015brodek Pomocy Spo\u0142ecznej w Z\u0142otym Stoku. Za\u0142\u0105cznik: Zapytanie ofertowe Wyniki: Zawiadomienie o wyborze oferty<\/p>\n","protected":false},"author":1,"featured_media":0,"parent":0,"menu_order":0,"comment_status":"closed","ping_status":"closed","template":"","meta":{"footnotes":""},"class_list":["post-122","page","type-page","status-publish","hentry"],"_links":{"self":[{"href":"https:\/\/zlotyops.pl\/index.php?rest_route=\/wp\/v2\/pages\/122","targetHints":{"allow":["GET"]}}],"collection":[{"href":"https:\/\/zlotyops.pl\/index.php?rest_route=\/wp\/v2\/pages"}],"about":[{"href":"https:\/\/zlotyops.pl\/index.php?rest_route=\/wp\/v2\/types\/page"}],"author":[{"embeddable":true,"href":"https:\/\/zlotyops.pl\/index.php?rest_route=\/wp\/v2\/users\/1"}],"replies":[{"embeddable":true,"href":"https:\/\/zlotyops.pl\/index.php?rest_route=%2Fwp%2Fv2%2Fcomments&post=122"}],"version-history":[{"count":5,"href":"https:\/\/zlotyops.pl\/index.php?rest_route=\/wp\/v2\/pages\/122\/revisions"}],"predecessor-version":[{"id":161,"href":"https:\/\/zlotyops.pl\/index.php?rest_route=\/wp\/v2\/pages\/122\/revisions\/161"}],"wp:attachment":[{"href":"https:\/\/zlotyops.pl\/index.php?rest_route=%2Fwp%2Fv2%2Fmedia&parent=122"}],"curies":[{"name":"wp","href":"https:\/\/api.w.org\/{rel}","templated":true}]}}