{"id":182,"date":"2018-12-13T20:24:43","date_gmt":"2018-12-13T20:24:43","guid":{"rendered":"http:\/\/elektronik.nazwa.pl\/wp_new\/?page_id=182"},"modified":"2018-12-27T22:33:36","modified_gmt":"2018-12-27T22:33:36","slug":"zapytanie-ofertowe-dozywianie-doroslych-mieszkancow-gminy-zloty-stok-w-2019-roku","status":"publish","type":"page","link":"https:\/\/zlotyops.pl\/?page_id=182","title":{"rendered":"Zapytanie ofertowe &#8211; Do\u017cywianie doros\u0142ych mieszka\u0144c\u00f3w gminy Z\u0142oty Stok w 2019 roku."},"content":{"rendered":"<p style=\"text-align: center;\">ZAPYTANIE OFERTOWE<\/p>\n<p>na do\u017cywianie doros\u0142ych mieszka\u0144c\u00f3w gminy Z\u0142oty Stok w 2019 roku.<\/p>\n<p>Za\u0142\u0105cznik: <a href=\"http:\/\/elektronik.nazwa.pl\/wp_new\/wp-content\/uploads\/2018\/12\/doc03949220181213133315.pdf\">Zapytanie Ofertowe<\/a><\/p>\n<p>Wyniki: <a href=\"http:\/\/elektronik.nazwa.pl\/wp_new\/wp-content\/uploads\/2018\/12\/doc03980620181227105406.pdf\">Informacja o rozstrzygni\u0119ciu Zapytania ofertowego<\/a><\/p>\n","protected":false},"excerpt":{"rendered":"<p>ZAPYTANIE OFERTOWE na do\u017cywianie doros\u0142ych mieszka\u0144c\u00f3w gminy Z\u0142oty Stok w 2019 roku. Za\u0142\u0105cznik: Zapytanie Ofertowe Wyniki: Informacja o rozstrzygni\u0119ciu Zapytania ofertowego<\/p>\n","protected":false},"author":1,"featured_media":0,"parent":0,"menu_order":0,"comment_status":"closed","ping_status":"closed","template":"","meta":{"footnotes":""},"class_list":["post-182","page","type-page","status-publish","hentry"],"_links":{"self":[{"href":"https:\/\/zlotyops.pl\/index.php?rest_route=\/wp\/v2\/pages\/182","targetHints":{"allow":["GET"]}}],"collection":[{"href":"https:\/\/zlotyops.pl\/index.php?rest_route=\/wp\/v2\/pages"}],"about":[{"href":"https:\/\/zlotyops.pl\/index.php?rest_route=\/wp\/v2\/types\/page"}],"author":[{"embeddable":true,"href":"https:\/\/zlotyops.pl\/index.php?rest_route=\/wp\/v2\/users\/1"}],"replies":[{"embeddable":true,"href":"https:\/\/zlotyops.pl\/index.php?rest_route=%2Fwp%2Fv2%2Fcomments&post=182"}],"version-history":[{"count":3,"href":"https:\/\/zlotyops.pl\/index.php?rest_route=\/wp\/v2\/pages\/182\/revisions"}],"predecessor-version":[{"id":190,"href":"https:\/\/zlotyops.pl\/index.php?rest_route=\/wp\/v2\/pages\/182\/revisions\/190"}],"wp:attachment":[{"href":"https:\/\/zlotyops.pl\/index.php?rest_route=%2Fwp%2Fv2%2Fmedia&parent=182"}],"curies":[{"name":"wp","href":"https:\/\/api.w.org\/{rel}","templated":true}]}}