{"id":225,"date":"2019-05-31T13:40:07","date_gmt":"2019-05-31T13:40:07","guid":{"rendered":"http:\/\/elektronik.nazwa.pl\/wp_new\/?page_id=225"},"modified":"2019-07-03T14:10:46","modified_gmt":"2019-07-03T14:10:46","slug":"zapytanie-ofertowe-przeprowadzenie-poradnictwa-psychologicznego-dla-uczestnikow-projektu-uwierz-w-siebie-zyj-aktywnie","status":"publish","type":"page","link":"https:\/\/zlotyops.pl\/?page_id=225","title":{"rendered":"Zapytanie ofertowe &#8211; Przeprowadzenie poradnictwa psychologicznego dla uczestnik\u00f3w projektu &#8222;Uwierz w siebie &#8211; \u017cyj aktywnie&#8221;"},"content":{"rendered":"<h1 style=\"text-align: center;\">ZAPYTANIE OFERTOWE<\/h1>\n<p>realizacja zam\u00f3wienia pn.: Przeprowadzenie poradnictwa psychologicznego dla uczestnik\u00f3w projektu &#8222;Uwierz w siebie &#8211; \u017cyj aktywnie&#8221; realizowanego przez O\u015brodek Pomocy Spo\u0142ecznej w Z\u0142otym Stoku.<\/p>\n<p>Za\u0142\u0105cznik : <a href=\"http:\/\/elektronik.nazwa.pl\/wp_new\/wp-content\/uploads\/2019\/05\/Xerox-Scan_31052019150433.pdf\">Zapytanie ofertowe<\/a><\/p>\n<p>\u00a0<\/p>\n\n\n<div class=\"wp-block-file\"><a href=\"http:\/\/elektronik.nazwa.pl\/wp_new\/wp-content\/uploads\/2019\/07\/Scan_03072019120816.pdf\">Wyniki: Zawiadomienie o wyborze oferty<\/a><a href=\"http:\/\/elektronik.nazwa.pl\/wp_new\/wp-content\/uploads\/2019\/07\/Scan_03072019120816.pdf\" class=\"wp-block-file__button\" download>Pobierz<\/a><\/div>\n","protected":false},"excerpt":{"rendered":"<p>ZAPYTANIE OFERTOWE realizacja zam\u00f3wienia pn.: Przeprowadzenie poradnictwa psychologicznego dla uczestnik\u00f3w projektu &#8222;Uwierz w siebie &#8211; \u017cyj aktywnie&#8221; realizowanego przez O\u015brodek Pomocy Spo\u0142ecznej w Z\u0142otym Stoku. Za\u0142\u0105cznik : Zapytanie ofertowe \u00a0<\/p>\n","protected":false},"author":1,"featured_media":0,"parent":0,"menu_order":0,"comment_status":"closed","ping_status":"closed","template":"","meta":{"footnotes":""},"class_list":["post-225","page","type-page","status-publish","hentry"],"_links":{"self":[{"href":"https:\/\/zlotyops.pl\/index.php?rest_route=\/wp\/v2\/pages\/225","targetHints":{"allow":["GET"]}}],"collection":[{"href":"https:\/\/zlotyops.pl\/index.php?rest_route=\/wp\/v2\/pages"}],"about":[{"href":"https:\/\/zlotyops.pl\/index.php?rest_route=\/wp\/v2\/types\/page"}],"author":[{"embeddable":true,"href":"https:\/\/zlotyops.pl\/index.php?rest_route=\/wp\/v2\/users\/1"}],"replies":[{"embeddable":true,"href":"https:\/\/zlotyops.pl\/index.php?rest_route=%2Fwp%2Fv2%2Fcomments&post=225"}],"version-history":[{"count":5,"href":"https:\/\/zlotyops.pl\/index.php?rest_route=\/wp\/v2\/pages\/225\/revisions"}],"predecessor-version":[{"id":255,"href":"https:\/\/zlotyops.pl\/index.php?rest_route=\/wp\/v2\/pages\/225\/revisions\/255"}],"wp:attachment":[{"href":"https:\/\/zlotyops.pl\/index.php?rest_route=%2Fwp%2Fv2%2Fmedia&parent=225"}],"curies":[{"name":"wp","href":"https:\/\/api.w.org\/{rel}","templated":true}]}}