{"id":257,"date":"2019-07-09T20:51:47","date_gmt":"2019-07-09T20:51:47","guid":{"rendered":"http:\/\/elektronik.nazwa.pl\/wp_new\/?page_id=257"},"modified":"2019-08-09T16:32:33","modified_gmt":"2019-08-09T16:32:33","slug":"ogloszenie","status":"publish","type":"page","link":"https:\/\/zlotyops.pl\/?page_id=257","title":{"rendered":"Og\u0142oszenie"},"content":{"rendered":"\n<h2 class=\"wp-block-heading\">Og\u0142oszenie konkursu ofert na realizacj\u0119  zadania publicznego z&nbsp;zakresu pomocy spo\u0142ecznej, w&nbsp;tym pomocy rodzinom  i&nbsp;osobom w&nbsp;trudnej sytuacji \u017cyciowej oraz wyr\u00f3wnywania szans tych os\u00f3b  i&nbsp;ich rodzin.<\/h2>\n\n\n\n<div class=\"wp-block-file\"><a href=\"http:\/\/elektronik.nazwa.pl\/wp_new\/wp-content\/uploads\/2019\/07\/Scan_09072019152110.pdf\">Og\u0142oszenie<\/a><a href=\"http:\/\/elektronik.nazwa.pl\/wp_new\/wp-content\/uploads\/2019\/07\/Scan_09072019152110.pdf\" class=\"wp-block-file__button\" download>Pobierz<\/a><\/div>\n\n\n\n<div class=\"wp-block-file\"><a href=\"http:\/\/elektronik.nazwa.pl\/wp_new\/wp-content\/uploads\/2019\/07\/Scan_12072019142605.pdf\">Zmiana za\u0142\u0105cznika nr 4<\/a><a href=\"http:\/\/elektronik.nazwa.pl\/wp_new\/wp-content\/uploads\/2019\/07\/Scan_12072019142605.pdf\" class=\"wp-block-file__button\" download>Pobierz<\/a><\/div>\n\n\n\n<div class=\"wp-block-file\"><a href=\"http:\/\/elektronik.nazwa.pl\/wp_new\/wp-content\/uploads\/2019\/08\/Scan_09082019104152.pdf\">Wyb\u00f3r oferty<\/a><a href=\"http:\/\/elektronik.nazwa.pl\/wp_new\/wp-content\/uploads\/2019\/08\/Scan_09082019104152.pdf\" class=\"wp-block-file__button\" download>Pobierz<\/a><\/div>\n","protected":false},"excerpt":{"rendered":"<p>Og\u0142oszenie konkursu ofert na realizacj\u0119 zadania publicznego z&nbsp;zakresu pomocy spo\u0142ecznej, w&nbsp;tym pomocy rodzinom i&nbsp;osobom w&nbsp;trudnej sytuacji \u017cyciowej oraz wyr\u00f3wnywania szans tych os\u00f3b i&nbsp;ich rodzin.<\/p>\n","protected":false},"author":1,"featured_media":0,"parent":0,"menu_order":0,"comment_status":"closed","ping_status":"closed","template":"","meta":{"footnotes":""},"class_list":["post-257","page","type-page","status-publish","hentry"],"_links":{"self":[{"href":"https:\/\/zlotyops.pl\/index.php?rest_route=\/wp\/v2\/pages\/257","targetHints":{"allow":["GET"]}}],"collection":[{"href":"https:\/\/zlotyops.pl\/index.php?rest_route=\/wp\/v2\/pages"}],"about":[{"href":"https:\/\/zlotyops.pl\/index.php?rest_route=\/wp\/v2\/types\/page"}],"author":[{"embeddable":true,"href":"https:\/\/zlotyops.pl\/index.php?rest_route=\/wp\/v2\/users\/1"}],"replies":[{"embeddable":true,"href":"https:\/\/zlotyops.pl\/index.php?rest_route=%2Fwp%2Fv2%2Fcomments&post=257"}],"version-history":[{"count":3,"href":"https:\/\/zlotyops.pl\/index.php?rest_route=\/wp\/v2\/pages\/257\/revisions"}],"predecessor-version":[{"id":278,"href":"https:\/\/zlotyops.pl\/index.php?rest_route=\/wp\/v2\/pages\/257\/revisions\/278"}],"wp:attachment":[{"href":"https:\/\/zlotyops.pl\/index.php?rest_route=%2Fwp%2Fv2%2Fmedia&parent=257"}],"curies":[{"name":"wp","href":"https:\/\/api.w.org\/{rel}","templated":true}]}}