{"id":282,"date":"2019-11-26T20:17:08","date_gmt":"2019-11-26T20:17:08","guid":{"rendered":"http:\/\/elektronik.nazwa.pl\/wp_new\/?page_id=282"},"modified":"2019-12-07T12:29:42","modified_gmt":"2019-12-07T12:29:42","slug":"zapytanie-ofertowe-usluga-noclegowo-gastronomiczna-na-potrzeby-realizacji-warsztatow-w-ramach-projektu-uwierz-w-siebie-zyj-aktywnie-2","status":"publish","type":"page","link":"https:\/\/zlotyops.pl\/?page_id=282","title":{"rendered":"Zapytanie ofertowe &#8211; Us\u0142uga noclegowo-gastronomiczna na potrzeby realizacji warsztat\u00f3w w ramach projektu &#8222;Uwierz w siebie &#8211; \u017cyj aktywnie&#8221;"},"content":{"rendered":"\n<p><\/p>\n\n\n\n<p style=\"text-align:center\">Zapytanie ofertowe<\/p>\n\n\n\n<p>Us\u0142uga noclegowo-gastronomiczna na potrzeby realizacji warsztat\u00f3w w ramach projektu &#8222;Uwierz w siebie &#8211; \u017cyj aktywnie&#8221;<\/p>\n\n\n\n<p><\/p>\n\n\n\n<div class=\"wp-block-file\"><a href=\"http:\/\/elektronik.nazwa.pl\/wp_new\/wp-content\/uploads\/2019\/11\/Xerox-Scan_26112019115016.pdf\">Za\u0142\u0105cznik:  Zapytanie ofertowe<\/a><a href=\"http:\/\/elektronik.nazwa.pl\/wp_new\/wp-content\/uploads\/2019\/11\/Xerox-Scan_26112019115016.pdf\" class=\"wp-block-file__button\" download>Pobierz<\/a><\/div>\n\n\n\n<div class=\"wp-block-file\"><a href=\"http:\/\/elektronik.nazwa.pl\/wp_new\/wp-content\/uploads\/2019\/12\/Xerox-Scan_06122019110111.pdf\">Wyniki:<\/a><a href=\"http:\/\/elektronik.nazwa.pl\/wp_new\/wp-content\/uploads\/2019\/12\/Xerox-Scan_06122019110111.pdf\" class=\"wp-block-file__button\" download>Pobierz<\/a><\/div>\n","protected":false},"excerpt":{"rendered":"<p>Zapytanie ofertowe Us\u0142uga noclegowo-gastronomiczna na potrzeby realizacji warsztat\u00f3w w ramach projektu &#8222;Uwierz w siebie &#8211; \u017cyj aktywnie&#8221;<\/p>\n","protected":false},"author":1,"featured_media":0,"parent":0,"menu_order":0,"comment_status":"closed","ping_status":"closed","template":"","meta":{"footnotes":""},"class_list":["post-282","page","type-page","status-publish","hentry"],"_links":{"self":[{"href":"https:\/\/zlotyops.pl\/index.php?rest_route=\/wp\/v2\/pages\/282","targetHints":{"allow":["GET"]}}],"collection":[{"href":"https:\/\/zlotyops.pl\/index.php?rest_route=\/wp\/v2\/pages"}],"about":[{"href":"https:\/\/zlotyops.pl\/index.php?rest_route=\/wp\/v2\/types\/page"}],"author":[{"embeddable":true,"href":"https:\/\/zlotyops.pl\/index.php?rest_route=\/wp\/v2\/users\/1"}],"replies":[{"embeddable":true,"href":"https:\/\/zlotyops.pl\/index.php?rest_route=%2Fwp%2Fv2%2Fcomments&post=282"}],"version-history":[{"count":4,"href":"https:\/\/zlotyops.pl\/index.php?rest_route=\/wp\/v2\/pages\/282\/revisions"}],"predecessor-version":[{"id":292,"href":"https:\/\/zlotyops.pl\/index.php?rest_route=\/wp\/v2\/pages\/282\/revisions\/292"}],"wp:attachment":[{"href":"https:\/\/zlotyops.pl\/index.php?rest_route=%2Fwp%2Fv2%2Fmedia&parent=282"}],"curies":[{"name":"wp","href":"https:\/\/api.w.org\/{rel}","templated":true}]}}