{"id":300,"date":"2019-12-19T16:40:54","date_gmt":"2019-12-19T16:40:54","guid":{"rendered":"http:\/\/elektronik.nazwa.pl\/wp_new\/?page_id=300"},"modified":"2019-12-27T17:07:13","modified_gmt":"2019-12-27T17:07:13","slug":"zapytanie-ofertowe-na-dozywianie-doroslych-mieszkancow-gminy-zloty-stok-w-roku-2020","status":"publish","type":"page","link":"https:\/\/zlotyops.pl\/?page_id=300","title":{"rendered":"Zapytanie ofertowe &#8211; do\u017cywianie doros\u0142ych mieszka\u0144c\u00f3w gminy Z\u0142oty Stok w roku 2020."},"content":{"rendered":"<p>\n<!--StartFragment--><\/p>\n\n\n<p style=\"text-align:center\">Zapytanie ofertowe<\/p>\n\n\n\n<p>Do\u017cywianie doros\u0142ych mieszka\u0144c\u00f3w gminy Z\u0142oty Stok w roku 2020.<\/p>\n\n\n\n<div class=\"wp-block-file\"><a href=\"http:\/\/elektronik.nazwa.pl\/wp_new\/wp-content\/uploads\/2019\/12\/Xerox-Scan_19122019130426.pdf\">Zapytanie ofertowe<\/a><a href=\"http:\/\/elektronik.nazwa.pl\/wp_new\/wp-content\/uploads\/2019\/12\/Xerox-Scan_19122019130426.pdf\" class=\"wp-block-file__button\" download>Pobierz<\/a><\/div>\n\n\n\n<div class=\"wp-block-file\"><a href=\"http:\/\/elektronik.nazwa.pl\/wp_new\/wp-content\/uploads\/2019\/12\/Xerox-Scan_27122019131704.pdf\">Wyniki<\/a><a href=\"http:\/\/elektronik.nazwa.pl\/wp_new\/wp-content\/uploads\/2019\/12\/Xerox-Scan_27122019131704.pdf\" class=\"wp-block-file__button\" download>Pobierz<\/a><\/div>\n\n\n<p><!--EndFragment--><\/p>","protected":false},"excerpt":{"rendered":"<p>Zapytanie ofertowe Do\u017cywianie doros\u0142ych mieszka\u0144c\u00f3w gminy Z\u0142oty Stok w roku 2020.<\/p>\n","protected":false},"author":1,"featured_media":0,"parent":0,"menu_order":0,"comment_status":"closed","ping_status":"closed","template":"","meta":{"footnotes":""},"class_list":["post-300","page","type-page","status-publish","hentry"],"_links":{"self":[{"href":"https:\/\/zlotyops.pl\/index.php?rest_route=\/wp\/v2\/pages\/300","targetHints":{"allow":["GET"]}}],"collection":[{"href":"https:\/\/zlotyops.pl\/index.php?rest_route=\/wp\/v2\/pages"}],"about":[{"href":"https:\/\/zlotyops.pl\/index.php?rest_route=\/wp\/v2\/types\/page"}],"author":[{"embeddable":true,"href":"https:\/\/zlotyops.pl\/index.php?rest_route=\/wp\/v2\/users\/1"}],"replies":[{"embeddable":true,"href":"https:\/\/zlotyops.pl\/index.php?rest_route=%2Fwp%2Fv2%2Fcomments&post=300"}],"version-history":[{"count":3,"href":"https:\/\/zlotyops.pl\/index.php?rest_route=\/wp\/v2\/pages\/300\/revisions"}],"predecessor-version":[{"id":307,"href":"https:\/\/zlotyops.pl\/index.php?rest_route=\/wp\/v2\/pages\/300\/revisions\/307"}],"wp:attachment":[{"href":"https:\/\/zlotyops.pl\/index.php?rest_route=%2Fwp%2Fv2%2Fmedia&parent=300"}],"curies":[{"name":"wp","href":"https:\/\/api.w.org\/{rel}","templated":true}]}}