{"id":322,"date":"2020-02-21T23:03:39","date_gmt":"2020-02-21T23:03:39","guid":{"rendered":"http:\/\/elektronik.nazwa.pl\/wp_new\/?page_id=322"},"modified":"2020-07-01T19:06:12","modified_gmt":"2020-07-01T19:06:12","slug":"program-operacyjny-pomoc-zywnosciowa-2014-2020-podprogram-2019","status":"publish","type":"page","link":"https:\/\/zlotyops.pl\/?page_id=322","title":{"rendered":"Program Operacyjny Pomoc \u017bywno\u015bciowa 2014-2020 Podprogram 2019"},"content":{"rendered":"\n<figure class=\"wp-block-image\"><img loading=\"lazy\" decoding=\"async\" width=\"1024\" height=\"132\" src=\"http:\/\/elektronik.nazwa.pl\/wp_new\/wp-content\/uploads\/2020\/05\/Loga_na_strony_intrnetowe-005-1024x132.png\" alt=\"\" class=\"wp-image-312\" srcset=\"https:\/\/zlotyops.pl\/wp-content\/uploads\/2020\/05\/Loga_na_strony_intrnetowe-005-1024x132.png 1024w, https:\/\/zlotyops.pl\/wp-content\/uploads\/2020\/05\/Loga_na_strony_intrnetowe-005-300x39.png 300w, https:\/\/zlotyops.pl\/wp-content\/uploads\/2020\/05\/Loga_na_strony_intrnetowe-005-768x99.png 768w, https:\/\/zlotyops.pl\/wp-content\/uploads\/2020\/05\/Loga_na_strony_intrnetowe-005.png 1407w\" sizes=\"auto, (max-width: 1024px) 100vw, 1024px\" \/><\/figure>\n\n\n\n<p> <strong>PROGRAM OPERACYJNY POMOC \u017bYWNO\u015aCIOWA 2014-2020<\/strong> <\/p>\n\n\n\n<p style=\"text-align:center\"><strong>JEST WSP\u00d3\u0141FINANSOWANY Z EUROPEJSKIEGO\nFUNDUSZU POMOCY NAJBARDZIEJ POTRZEBUJ\u0104CYM<\/strong><strong><\/strong><\/p>\n\n\n\n<p style=\"text-align:center\"><strong>PODPROGRAM 2019<\/strong><\/p>\n\n\n\n<p><strong>CELEM PROGRAMU <\/strong>jest zapewnienie najubo\u017cszym\nmieszka\u0144com Polski pomocy \u017cywno\u015bciowej oraz uczestnictwa w dzia\u0142aniach w ramach\n\u015brodk\u00f3w towarzysz\u0105cych w okresie&nbsp; grudzie\u0144\n2019 \u2013 lipiec 2020,&nbsp; a jej celami\nszczeg\u00f3\u0142owymi s\u0105:<\/p>\n\n\n\n<ul class=\"wp-block-list\"><li>organizacja i koordynacja sieci dystrybucji pomocy \u017cywno\u015bciowej sk\u0142adaj\u0105cej si\u0119 z organizacji partnerskich lokalnych, zwanych dalej <strong>OPL<\/strong>, zgodnie z zasadami PO P\u017b,<\/li><li>racjonalne zagospodarowanie artyku\u0142\u00f3w spo\u017cywczych otrzymanych z OPO oraz z innych \u017ar\u00f3de\u0142, na potrzeby udzielania pomocy \u017cywno\u015bciowej osobom najbardziej potrzebuj\u0105cym,<\/li><li>przekazanie artyku\u0142\u00f3w spo\u017cywczych osobom zakwalifikowanym do otrzymania pomocy \u017cywno\u015bciowej zgodnie z zasadami PO P\u017b,<\/li><li>prowadzenie dzia\u0142a\u0144 w ramach \u015brodk\u00f3w towarzysz\u0105cych w\u015br\u00f3d os\u00f3b najbardziej potrzebuj\u0105cych zakwalifikowanych do obj\u0119cia pomoc\u0105 \u017cywno\u015bciow\u0105, maj\u0105cych na celu w\u0142\u0105czenie spo\u0142eczne.<\/li><\/ul>\n\n\n\n<p style=\"text-align:center\"><strong>OKRES DYSTRYBUCJI\n\u017bYWNO\u015aCI:&nbsp; <\/strong>grudzie\u0144 2019 \u2013 lipiec 2020<\/p>\n\n\n\n<p style=\"text-align:left\">Pomoc\n\u017cywno\u015bciowa dystrybuowana jest przez <strong>Bank\n\u017bywno\u015bci we Wroc\u0142awiu<\/strong>&nbsp;&nbsp; [OPR] do\nOrganizacji Partnerskiej Lokalnej [OPL] <strong>na\nterenie wojew\u00f3dztwa dolno\u015bl\u0105skiego,<\/strong> kt\u00f3ra przekazuje \u017cywno\u015b\u0107 bezpo\u015brednio\ndo os\u00f3b potrzebuj\u0105cych. <\/p>\n\n\n\n<p style=\"text-align:center\"><strong>&nbsp;KRYTERIA KWALIFIKOWALNO\u015aCI I SPOS\u00d3B\nKWALIFIKACJI:<\/strong><\/p>\n\n\n\n<ol class=\"wp-block-list\"><li>Pomoc w ramach PO P\u017b kierowana jest do tych os\u00f3b i rodzin, kt\u00f3re z powodu niskich dochod\u00f3w nie mog\u0105 zapewni\u0107 sobie\/rodzinie odpowiednich produkt\u00f3w \u017cywno\u015bciowych (posi\u0142k\u00f3w) i dlatego te\u017c trafia\u0107 b\u0119dzie do ograniczonej liczby os\u00f3b znajduj\u0105cych si\u0119 w najtrudniejszej sytuacji \u017cyciowej (okre\u015blonej przes\u0142ankami z art. 7 ustawy o pomocy spo\u0142ecznej oraz poziomem dochod\u00f3w odniesionych do procentowej warto\u015bci odpowiedniego kryterium dochodowego okre\u015blonego w tej ustawie &#8211; kt\u00f3rych doch\u00f3d nie przekracza 200% kryterium dochodowego uprawniaj\u0105cego do skorzystania z pomocy spo\u0142ecznej,&nbsp; <strong>tj. do 30.09.2018 r. \u2013 1 268 PLN dla osoby samotnie gospodaruj\u0105cej i 1 028 PLN, dla osoby w rodzinie, a od 01.10.2018 r. \u2013 1 402 PLN dla osoby samotnie gospodaruj\u0105cej i 1 056 PLN dla osoby w rodzinie, <\/strong>stanowi\u0105c systematyczne wsparcie. Pomoc udzielana b\u0119dzie w postaci artyku\u0142\u00f3w spo\u017cywczych lub posi\u0142k\u00f3w, kt\u00f3re b\u0119d\u0105 przekazywane osobom najbardziej potrzebuj\u0105cym bezp\u0142atnie.<\/li><li>Spos\u00f3b kwalifikacji:<\/li><\/ol>\n\n\n\n<ul class=\"wp-block-list\"><li>OPS b\u0119d\u0105      wydawa\u0107 osobom potrzebuj\u0105cym skierowania do otrzymania pomocy      \u017cywno\u015bciowej&nbsp; lub przekazywa\u0107 OPL listy os\u00f3b zakwalifikowanych do      pomocy&nbsp; z POP\u017b, pod warunkiem uzyskania zgody tych os\u00f3b;<\/li><li>OPL mog\u0105 w      swoich siedzibach przyjmowa\u0107 o\u015bwiadczenia od os\u00f3b kwalifikuj\u0105cych si\u0119 do      przyznania pomocy \u017cywno\u015bciowej [za\u0142\u0105cznik nr 5 do wytycznych].      O\u015bwiadczenia wraz z wype\u0142nionym skierowaniem&nbsp; przekazywane b\u0119d\u0105 do      OPS, , kt\u00f3ry potwierdza do kwalifikowalno\u015b\u0107 do przyznania pomocy;<\/li><li>OPL mog\u0105 samodzielnie kwalifikowa\u0107 wy\u0142\u0105cznie osoby bezdomne do udzia\u0142u&nbsp; w POP\u017b na podstawie podpisanego o\u015bwiadczenia&nbsp; [za\u0142\u0105cznik nr 6 do wytycznych].<\/li><\/ul>\n\n\n\n<p style=\"text-align:center\">&nbsp;<strong>ZASADY\nPRZEKAZYWANIA ARTYKU\u0141\u00d3W SPO\u017bYWCZYCH:<\/strong><\/p>\n\n\n\n<p style=\"text-align:left\">Pomoc \u017cywno\u015bciowa\njest przekazywana osobom najbardziej potrzebuj\u0105cym za po\u015brednictwem Organizacji\nPartnerskich Lokalnych <strong>jako zestaw\nartyku\u0142\u00f3w spo\u017cywczych w formie paczek \u017cywno\u015bciowych lub posi\u0142k\u00f3w. <\/strong><strong><\/strong><\/p>\n\n\n\n<ol class=\"wp-block-list\"><li><strong>Zestaw roczny artyku\u0142\u00f3w spo\u017cywczych w Podprogramie<\/strong> 2019 obejmuje artyku\u0142y spo\u017cywcze w \u0142\u0105cznej ilo\u015bci ok 50 kg w tym:<ol><li>&nbsp;Artyku\u0142y warzywne i owocowe:<ul><li>groszek z marchewk\u0105 3,2 kg,<\/li><li>fasola bia\u0142a 3,2 kg, <\/li><li>koncentrat pomidorowy 1,12 kg,<\/li><li>buraczki wi\u00f3rki 1,05 kg,<\/li><li>powid\u0142a \u015bliwkowe 1,80 kg,<\/li><li>sok jab\u0142kowy klarowny 4l<\/li><\/ul><\/li><li>Artyku\u0142y skrobiowe:<ul><li>makaron jajeczny 4,5 kg,<\/li><li>makaron kukurydziany bezglutenowy 1 kg<\/li><li>ry\u017c bia\u0142y 3 kg,<\/li><li>kasza gryczana 1,5 kg,<\/li><li>herbatniki ma\u015blane 0,8 kg,<\/li><\/ul><\/li><li>Artyku\u0142y mleczne:<ul><li>mleko UHT 7 l,<\/li><li>ser podpuszczkowy dojrzewaj\u0105cy 2 kg,<\/li><\/ul><\/li><li>Artyku\u0142y mi\u0119sne:<ul><li>szynka drobiowa 2,7 kg,<\/li><li>pasztet wieprzowy 0,48 kg,<\/li><li>filet z makreli w oleju 1,53 kg,<\/li><\/ul><\/li><li>Cukier<ul><li>cukier bia\u0142y 4 kg,<\/li><\/ul><\/li><li>T\u0142uszcze<ul><li>olej rzepakowy 4 l,<\/li><\/ul><\/li><li>Dania gotowe<ul><li>go\u0142\u0105bki w sosie pomidorowym 1,7 kg;<\/li><\/ul><\/li><\/ol><\/li><li><strong>Paczka \u017cywno\u015bciowa<\/strong>&nbsp; to minimum kilka artyku\u0142\u00f3w spo\u017cywczych [co najmniej 3]&nbsp; z r\u00f3\u017cnych grup towarowych&nbsp; wydawanych jednorazowo. <\/li><li><strong>Posi\u0142ek <\/strong>&nbsp;to ka\u017cdy posi\u0142ek przygotowany w OPL, np. jad\u0142odajnie, schroniska dla os\u00f3b bezdomnych] do tego przeznaczone: \u015bniadanie, II \u015bniadanie, obiad \u2013 w szczeg\u00f3lno\u015bci&nbsp; gor\u0105cy posi\u0142ek, podwieczorek, kolacja]. posi\u0142ki do spo\u017cycia na miejscu s\u0105 przygotowywane i wydawane w plac\u00f3wkach posiadaj\u0105cych zaplecze kuchenne (m.in. w schroniskach dla bezdomnych, jad\u0142odajniach, noclegowniach) z wy\u0142\u0105czeniem \u015bwiadczenia us\u0142ug firm zewn\u0119trznych (np. catering).<\/li><li>W przypadku gdy liczba os\u00f3b uprawnionych do pomocy \u017cywno\u015bciowej zg\u0142aszaj\u0105cych si\u0119 w trakcie realizacji Podprogramu 2019 jest wi\u0119ksza ni\u017c do danej OPR\/OPL b\u0119dzie wi\u0119ksza ni\u017c planowana, Instytucja Zarz\u0105dzaj\u0105ca dopuszcza zmniejszenie zestawu rocznego dla 1 osoby, nie wi\u0119cej jednak\u017ce ni\u017c do 80% jego ca\u0142kowitej ilo\u015bci (tj. do ok. 40,3kg). W zestawie nale\u017cy w miar\u0119 mo\u017cliwo\u015bci uwzgl\u0119dni\u0107 produkty ze wszystkich 7 grup artyku\u0142\u00f3w spo\u017cywczych<\/li><li>W&nbsp; uzasadnionych sytuacjach np. stan zdrowia lub indywidualne potrzeby \u017cywno\u015bciowe&nbsp; mo\u017cna zmieni\u0107 artyku\u0142 spo\u017cywczy na inny w odpowiedniej proporcji&nbsp; lub zwi\u0119kszy\u0107 liczb\u0119 opakowa\u0144.<\/li><li>W przypadku rodzin z dzie\u0107mi dopuszcza si\u0119 zwi\u0119kszenie liczby opakowa\u0144 artyku\u0142\u00f3w spo\u017cywczych do potrzeb rodzin .<\/li><li><strong>\u017bywno\u015b\u0107 jest wydawana osobom potrzebuj\u0105cym&nbsp; w ramach POP\u017b nieodp\u0142atnie.<\/strong><\/li><\/ol>\n\n\n\n<p style=\"text-align:center\"><strong>SK\u0141ADANIE SKARG\nPRZEZ OSOBY NAJBARDZIEJ POTRZEBUJ\u0104CE:<\/strong><\/p>\n\n\n\n<p style=\"text-align:left\">Ka\u017cda osoba\npotrzebuj\u0105ca ma prawo z\u0142o\u017cenia skargi dotycz\u0105cej sposobu dystrybucji&nbsp;\n\u017cywno\u015b\u0107 do lokalnego Banku \u017bywno\u015bci, nast\u0119pnie do &nbsp;Federacji Polskich Bank\u00f3w \u017bywno\u015bci z siedzib\u0105\nw Warszawie albo do Instytucji Zarz\u0105dzaj\u0105cej &#8211; Ministra Rodziny, Pracy i\nPolityki Spo\u0142ecznej.&nbsp;<\/p>\n\n\n\n<p style=\"text-align:center\"><strong>DZIA\u0141ANIA\nTOWARZYSZ\u0104CE:<\/strong><\/p>\n\n\n\n<p style=\"text-align:left\">Dzia\u0142ania\nrealizowane przez Bank \u017bywno\u015bci na rzecz podopiecznych OPL, przy wsp\u00f3\u0142pracy z\nOPL i OPS:<\/p>\n\n\n\n<ul class=\"wp-block-list\"><li>warsztaty kulinarne;&nbsp;<\/li><li>warsztaty edukacji ekonomicznej;<\/li><li>warsztaty dietetyczne;<\/li><li>warsztaty niemarnowania \u017cywno\u015bci,<\/li><li>inne dzia\u0142ania o charakterze indywidualnym i zbiorowym charakterze akcyjnym lub cyklicznym, maj\u0105ce na celu w\u0142\u0105czenie spo\u0142eczne najbardziej potrzebuj\u0105cych<\/li><\/ul>\n\n\n\n<p style=\"text-align:left\">Dzia\u0142ania\nrealizowane s\u0105 w siedzibie organizacji bior\u0105cej udzia\u0142 w Podprogramie lub w\nmiejscu wyznaczonym przez organizacj\u0119 na rzecz podopiecznych, kt\u00f3rzy zostali\nzakwalifikowani do otrzymania pomocy \u017cywno\u015bciowej, w pobli\u017cu ich miejsca zamieszkania.\nTerminy oraz miejsca realizacji warsztat\u00f3w znajduj\u0105 si\u0119 na stronie internetowej\nBanku \u017bywno\u015bci we Wroc\u0142awiu: <a href=\"http:\/\/www.bankzywnosci.wroclaw.pl\/\">http:\/\/www.bankzywnosci.wroclaw.pl\/<\/a>.<\/p>\n\n\n\n<p style=\"text-align:left\">Dzia\u0142ania\nrealizowane przez Organizacje Partnerskie Lokalne na rzecz podopiecznych to:<\/p>\n\n\n\n<ul class=\"wp-block-list\"><li>w\u0142\u0105czenie os\u00f3b do\u015bwiadczaj\u0105cych deprywacji materialnej w funkcjonowanie spo\u0142eczno\u015bci lokalnych, np.: zaj\u0119cia aktywizuj\u0105ce i wsp\u00f3lne inicjatywy na rzecz spo\u0142eczno\u015bci lokalnej, zmierzaj\u0105ce do wyj\u015bcia z ub\u00f3stwa;<\/li><li>grupy wsparcia dla r\u00f3\u017cnych kategorii os\u00f3b w trudnej sytuacji (np. osoby starsze, matki z dzie\u0107mi, osoby samotne);<\/li><li>pomoc towarzysz\u0105ca niezb\u0119dna do zaspokajania podstawowych potrzeb \u017cyciowych \u2013 os\u00f3b korzystaj\u0105cych z pomocy \u017cywno\u015bciowej      (z wy\u0142\u0105czeniem pomocy rzeczowej);<\/li><li>pomoc w utrzymaniu higieny osobistej osobom bezdomnym;<\/li><li>wsparcie psychologiczne\/terapeutyczne os\u00f3b zagro\u017conych wykluczeniem spo\u0142ecznym.<\/li><\/ul>\n\n\n\n<p style=\"text-align:left\"><strong>Do udzia\u0142u w\ndzia\u0142aniach towarzysz\u0105cych ma prawo ka\u017cda osoba<\/strong>,&nbsp;<strong>kt\u00f3ra otrzyma\u0142a skierowanie z OPS<\/strong>&nbsp;do\nodbioru wsparcia \u017cywno\u015bciowego w ramach POP\u017b \u2013 ale nie znaczy to, \u017ce ka\u017cda\nosoba musi z nich skorzysta\u0107. Konieczna jest wsp\u00f3\u0142praca z OPS w zakresie\nrzeczywistych potrzeb obj\u0119cia wsparciem dzia\u0142aniami os\u00f3b, kt\u00f3re korzystaj\u0105 z\nPOP\u017b. Dzia\u0142ania nie mog\u0105 si\u0119 pokrywa\u0107 z dzia\u0142aniami prowadzonymi w ramach\ninnych funduszy unijnych (EFS i PROW) w wojew\u00f3dztwie dolno\u015bl\u0105skim, ale musz\u0105\nby\u0107 z nimi komplementarne.<\/p>\n\n\n<p><!--EndFragment--><\/p>","protected":false},"excerpt":{"rendered":"<p>PROGRAM OPERACYJNY POMOC \u017bYWNO\u015aCIOWA 2014-2020 JEST WSP\u00d3\u0141FINANSOWANY Z EUROPEJSKIEGO FUNDUSZU POMOCY NAJBARDZIEJ POTRZEBUJ\u0104CYM PODPROGRAM 2019 CELEM PROGRAMU jest zapewnienie najubo\u017cszym mieszka\u0144com Polski pomocy \u017cywno\u015bciowej oraz uczestnictwa w dzia\u0142aniach w ramach \u015brodk\u00f3w towarzysz\u0105cych w okresie&nbsp; grudzie\u0144 2019 \u2013 lipiec 2020,&nbsp; a jej celami szczeg\u00f3\u0142owymi s\u0105: organizacja i koordynacja sieci dystrybucji pomocy \u017cywno\u015bciowej sk\u0142adaj\u0105cej si\u0119 z organizacji [&hellip;]<\/p>\n","protected":false},"author":2,"featured_media":0,"parent":0,"menu_order":0,"comment_status":"closed","ping_status":"closed","template":"","meta":{"footnotes":""},"class_list":["post-322","page","type-page","status-publish","hentry"],"_links":{"self":[{"href":"https:\/\/zlotyops.pl\/index.php?rest_route=\/wp\/v2\/pages\/322","targetHints":{"allow":["GET"]}}],"collection":[{"href":"https:\/\/zlotyops.pl\/index.php?rest_route=\/wp\/v2\/pages"}],"about":[{"href":"https:\/\/zlotyops.pl\/index.php?rest_route=\/wp\/v2\/types\/page"}],"author":[{"embeddable":true,"href":"https:\/\/zlotyops.pl\/index.php?rest_route=\/wp\/v2\/users\/2"}],"replies":[{"embeddable":true,"href":"https:\/\/zlotyops.pl\/index.php?rest_route=%2Fwp%2Fv2%2Fcomments&post=322"}],"version-history":[{"count":2,"href":"https:\/\/zlotyops.pl\/index.php?rest_route=\/wp\/v2\/pages\/322\/revisions"}],"predecessor-version":[{"id":325,"href":"https:\/\/zlotyops.pl\/index.php?rest_route=\/wp\/v2\/pages\/322\/revisions\/325"}],"wp:attachment":[{"href":"https:\/\/zlotyops.pl\/index.php?rest_route=%2Fwp%2Fv2%2Fmedia&parent=322"}],"curies":[{"name":"wp","href":"https:\/\/api.w.org\/{rel}","templated":true}]}}