{"id":328,"date":"2020-05-06T19:11:49","date_gmt":"2020-05-06T19:11:49","guid":{"rendered":"http:\/\/elektronik.nazwa.pl\/wp_new\/?page_id=328"},"modified":"2020-07-01T19:18:51","modified_gmt":"2020-07-01T19:18:51","slug":"aktualizacja-wytycznych-instytucji-zarzadzajacej-dotyczacych-realizacji-popz-podprogram-2019-z-dnia-17-i-23-marca-2020-dotyczacej-usprawniania-realizacji-dystrybucji-wsrod-osob-potrzebujacych","status":"publish","type":"page","link":"https:\/\/zlotyops.pl\/?page_id=328","title":{"rendered":"Aktualizacja wytycznych Instytucji Zarz\u0105dzaj\u0105cej dotycz\u0105cych realizacji POP\u017b Podprogram 2019 z dnia 17 i 23 marca 2020 dotycz\u0105cej usprawniania  realizacji dystrybucji w\u015br\u00f3d os\u00f3b potrzebuj\u0105cych."},"content":{"rendered":"\n<figure class=\"wp-block-image\"><img loading=\"lazy\" decoding=\"async\" width=\"1024\" height=\"132\" src=\"http:\/\/elektronik.nazwa.pl\/wp_new\/wp-content\/uploads\/2020\/05\/Loga_na_strony_intrnetowe-005-1024x132.png\" alt=\"\" class=\"wp-image-312\" srcset=\"https:\/\/zlotyops.pl\/wp-content\/uploads\/2020\/05\/Loga_na_strony_intrnetowe-005-1024x132.png 1024w, https:\/\/zlotyops.pl\/wp-content\/uploads\/2020\/05\/Loga_na_strony_intrnetowe-005-300x39.png 300w, https:\/\/zlotyops.pl\/wp-content\/uploads\/2020\/05\/Loga_na_strony_intrnetowe-005-768x99.png 768w, https:\/\/zlotyops.pl\/wp-content\/uploads\/2020\/05\/Loga_na_strony_intrnetowe-005.png 1407w\" sizes=\"auto, (max-width: 1024px) 100vw, 1024px\" \/><\/figure>\n\n\n\n<p><strong>W zwi\u0105zku z aktualizacj\u0105 wytycznych Instytucji Zarz\u0105dzaj\u0105cej dotycz\u0105cych realizacji POP\u017b Podprogram 2019 z dnia 17 i 23 marca 2020 dotycz\u0105cej usprawniania &nbsp;realizacji dystrybucji w\u015br\u00f3d os\u00f3b potrzebuj\u0105cych wprowadzone nast\u0119puj\u0105ce zasady post\u0119powania w okresie zagro\u017cenia &nbsp;epidemiologicznego zwi\u0105zanego z COVID-19.<\/strong><\/p>\n\n\n\n<ol class=\"wp-block-list\"><li>Dopuszcza\nsi\u0119 zmian\u0119 termin\u00f3w dostaw poszczeg\u00f3lnych artyku\u0142\u00f3w spo\u017cywczych do magazyn\u00f3w\norganizacji partnerskich i termin\u00f3w ich dystrybucji w celu dostosowania do\nbie\u017c\u0105cych mo\u017cliwo\u015bci organizacji partnerskich. <\/li><li>W\ncelu minimalizacji ryzyka zara\u017cenia, zaleca si\u0119 kwalifikowanie przez OPS\/OPL\nos\u00f3b najbardziej potrzebuj\u0105cych do pomocy \u017cywno\u015bciowej na podstawie\nprzeprowadzonego wywiadu telefonicznego lub z wykorzystaniem innych dost\u0119pnych\n\u015brodk\u00f3w komunikacji elektronicznej. Pracownik o\u015brodka pomocy spo\u0142ecznej, a w\nprzypadku os\u00f3b bezdomnych tak\u017ce przedstawiciel organizacji partnerskiej\nsamodzielnie lub za po\u015brednictwem przedstawiciela innej plac\u00f3wki, wype\u0142nia\nformularz skierowania, zgodnie z wzorem w za\u0142\u0105czniku nr 5.1 lub formularz\no\u015bwiadczenia zgodnie z wzorem nr 7.1 do Wytycznych IZ. Podpisany formularz\nprzekazuje si\u0119 w formie elektronicznej lub innej dost\u0119pnej formie do w\u0142a\u015bciwej\norganizacji partnerskiej, kt\u00f3ra na jego podstawie udost\u0119pnia \u017cywno\u015b\u0107 osobie\nzakwalifikowanej. <\/li><li>W\nprzypadku tymczasowego zawieszenia dzia\u0142alno\u015bci organizacji wydaj\u0105cych posi\u0142ki,\nosobom zakwalifikowanym do pomocy \u017cywno\u015bciowej w formie posi\u0142ku, zaleca si\u0119\nudost\u0119pnia\u0107 pomoc na wynos lub w formie paczek \u017cywno\u015bciowych. <\/li><li>W\nprzypadku os\u00f3b bezdomnych, dopuszcza si\u0119 zwi\u0119kszenie liczby opakowa\u0144 artyku\u0142\u00f3w\nspo\u017cywczych, odpowiednio do potrzeb tych os\u00f3b i mo\u017cliwo\u015bci OPR\/OPL. Osoby\nbezdomne zg\u0142aszaj\u0105ce si\u0119 do programu w okresie epidemiologiczny nale\u017cy\nzakwalifikowa\u0107 na podstawie za\u0142\u0105cznika nr 6.1. <\/li><li>Przedstawiciele\nplac\u00f3wek, w kt\u00f3rych przebywaj\u0105 osoby bezdomne, takich jak: schroniska,\nnoclegownie, hospicja itp. Nie nale\u017c\u0105cych do sieci organizacji partnerskich w\nramach POP\u017b, mog\u0105 w imieniu osoby\/os\u00f3b bezdomnych wype\u0142nia\u0107 i przekazywa\u0107\no\u015bwiadczenia bezpo\u015brednio do organizacji partnerskich, jak r\u00f3wnie\u017c odbiera\u0107\npaczki z \u017cywno\u015bci\u0105 i przekazywa\u0107 je osobom bezdomnym. Do odbioru paczki z\n\u017cywno\u015bci\u0105 z OPL uprawnieni s\u0105 tak\u017ce funkcjonariusze s\u0142u\u017cb takich jak m.in. WOT,\nStra\u017c Miejska lub Ochotnicza Stra\u017c Po\u017carna. <\/li><li>Prowadz\u0105c\ndystrybucj\u0119 \u017cywno\u015bci nale\u017cy stosowa\u0107 \u015brodki ostro\u017cno\u015bci i stosowa\u0107 si\u0119 do\nbie\u017c\u0105cych zalece\u0144 s\u0142u\u017cb sanitarnych. <\/li><li>Osoba\nwydaj\u0105ca \u017cywno\u015b\u0107\/dostarczaj\u0105ca \u017cywno\u015b\u0107 osobie uprawnionej zaznacza w formularzu\nstanowi\u0105cym za\u0142\u0105cznik nr 2 do Wytycznych IZ jakie artyku\u0142y spo\u017cywcze zosta\u0142y\ndostarczone i potwierdza podpisem wydanie artyku\u0142\u00f3w. <\/li><li>Je\u015bli\npomoc \u017cywno\u015bciowa zosta\u0142a dostarczona przez pracownik\u00f3w innych instytucji lub\ns\u0142u\u017cb ni\u017c organizacje partnerskie, list\u0119 wydanych artyku\u0142\u00f3w spo\u017cywczych nale\u017cy\nprzekaza\u0107 w\u0142a\u015bciwej organizacji partnerskiej. <\/li><li>Dzia\u0142ania\ntowarzysz\u0105ce w okresie zagro\u017cenia epidemiologicznego zosta\u0142y zawieszone. <\/li><\/ol>\n","protected":false},"excerpt":{"rendered":"<p>W zwi\u0105zku z aktualizacj\u0105 wytycznych Instytucji Zarz\u0105dzaj\u0105cej dotycz\u0105cych realizacji POP\u017b Podprogram 2019 z dnia 17 i 23 marca 2020 dotycz\u0105cej usprawniania &nbsp;realizacji dystrybucji w\u015br\u00f3d os\u00f3b potrzebuj\u0105cych wprowadzone nast\u0119puj\u0105ce zasady post\u0119powania w okresie zagro\u017cenia &nbsp;epidemiologicznego zwi\u0105zanego z COVID-19. Dopuszcza si\u0119 zmian\u0119 termin\u00f3w dostaw poszczeg\u00f3lnych artyku\u0142\u00f3w spo\u017cywczych do magazyn\u00f3w organizacji partnerskich i termin\u00f3w ich dystrybucji w celu [&hellip;]<\/p>\n","protected":false},"author":1,"featured_media":0,"parent":0,"menu_order":0,"comment_status":"closed","ping_status":"closed","template":"","meta":{"footnotes":""},"class_list":["post-328","page","type-page","status-publish","hentry"],"_links":{"self":[{"href":"https:\/\/zlotyops.pl\/index.php?rest_route=\/wp\/v2\/pages\/328","targetHints":{"allow":["GET"]}}],"collection":[{"href":"https:\/\/zlotyops.pl\/index.php?rest_route=\/wp\/v2\/pages"}],"about":[{"href":"https:\/\/zlotyops.pl\/index.php?rest_route=\/wp\/v2\/types\/page"}],"author":[{"embeddable":true,"href":"https:\/\/zlotyops.pl\/index.php?rest_route=\/wp\/v2\/users\/1"}],"replies":[{"embeddable":true,"href":"https:\/\/zlotyops.pl\/index.php?rest_route=%2Fwp%2Fv2%2Fcomments&post=328"}],"version-history":[{"count":3,"href":"https:\/\/zlotyops.pl\/index.php?rest_route=\/wp\/v2\/pages\/328\/revisions"}],"predecessor-version":[{"id":335,"href":"https:\/\/zlotyops.pl\/index.php?rest_route=\/wp\/v2\/pages\/328\/revisions\/335"}],"wp:attachment":[{"href":"https:\/\/zlotyops.pl\/index.php?rest_route=%2Fwp%2Fv2%2Fmedia&parent=328"}],"curies":[{"name":"wp","href":"https:\/\/api.w.org\/{rel}","templated":true}]}}