{"id":33,"date":"2018-07-03T06:05:46","date_gmt":"2018-07-03T06:05:46","guid":{"rendered":"http:\/\/elektronik.nazwa.pl\/wp_new\/?page_id=33"},"modified":"2018-08-20T18:48:07","modified_gmt":"2018-08-20T18:48:07","slug":"projekt-uwierz-w-siebie-zyj-aktywnie","status":"publish","type":"page","link":"https:\/\/zlotyops.pl\/?page_id=33","title":{"rendered":"Projekt \u201e Uwierz w siebie &#8211; \u017cyj aktywnie\u201d"},"content":{"rendered":"<p><img loading=\"lazy\" decoding=\"async\" class=\"alignnone size-full wp-image-96\" src=\"http:\/\/elektronik.nazwa.pl\/wp_new\/wp-content\/uploads\/2018\/08\/Uwierz-w-siebie-zyj-aktywnie1.jpg\" alt=\"\" width=\"526\" height=\"737\" srcset=\"https:\/\/zlotyops.pl\/wp-content\/uploads\/2018\/08\/Uwierz-w-siebie-zyj-aktywnie1.jpg 526w, https:\/\/zlotyops.pl\/wp-content\/uploads\/2018\/08\/Uwierz-w-siebie-zyj-aktywnie1-214x300.jpg 214w\" sizes=\"auto, (max-width: 526px) 100vw, 526px\" \/><\/p>\n<p style=\"text-align: center;\"><strong>PROJEKT FINANSOWANY ZE \u015aRODK\u00d3W UE<\/strong><\/p>\n<p><strong>O\u015brodek Pomocy Spo\u0142ecznej w Z\u0142otym Stoku jest realizatorem Projektu pn. Uwierz\u00a0w\u00a0siebie\u00a0&#8211;\u00a0\u017cyj\u00a0aktywnie w ramach IX Osi Priorytetowej W\u0142\u0105czenie\u00a0spo\u0142eczne, Dzia\u0142anie 9.1 Aktywna Integracja, Poddzia\u0142anie 9.1.1 Aktywna integracja \u2013 konkursy horyzontalne, <\/strong>Regionalny Program Operacyjny Wojew\u00f3dztwa Dolno\u015bl\u0105skiego 2014-2020<\/p>\n<p><strong>Okres realizacji projektu: od 2018-07-01 do:\u00a02021-06-30<\/strong><\/p>\n<p><strong>Celem g\u0142\u00f3wnym projektu jest aktywizacja spo\u0142eczno \u2013 zawodowa 60 os\u00f3b zagro\u017conych ub\u00f3stwem lub wykluczeniem spo\u0142ecznym na terenie Gminy Z\u0142oty Stok w okresie 36 miesi\u0119cy realizacji projektu w tym co najmniej 10% os\u00f3b niepe\u0142nosprawnych.\u00a0\u00a0 <\/strong><\/p>\n<p>W ramach projektu realizowane b\u0119d\u0105 r\u00f3\u017cne formy aktywizacji spo\u0142eczno-zawodowej wynikaj\u0105ce z indywidualnej diagnozy potrzeb oraz opracowanej indywidualnej \u015bcie\u017cki udzia\u0142u w projekcie \u2013 \u015bcie\u017cki reintegracji, w tym wsparcie o charakterze spo\u0142ecznym, zawodowym, oraz zdrowotnym takie jak:<\/p>\n<ul>\n<li>Indywidualne\u00a0poradnictwo\u00a0psychologiczne<\/li>\n<li>Indywidualne\u00a0treningi\u00a0psychologiczne<\/li>\n<li>Warsztaty\u00a0kompetencji\u00a0spo\u0142ecznych\u00a0w\u00a0formie\u00a0wyjazdowej<\/li>\n<li>Poradnictwo\u00a0rodzinne<\/li>\n<li>Warsztaty\u00a0kompetencji\u00a0spo\u0142ecznej\u00a0w\u00a0formie\u00a0stacjonarnej<\/li>\n<li>Warsztaty\u00a0kompetencji\u00a0cyfrowych\u00a0wraz\u00a0z\u00a0egzaminem\u00a0ECDL<\/li>\n<li>Indywidualne\u00a0doradztwo\u00a0zawodowe<\/li>\n<li>Indywidualne\u00a0po\u015brednictwo\u00a0pracy<\/li>\n<li>Grupowe\u00a0zaj\u0119cia\u00a0z\u00a0zakresu\u00a0poszukiwania\u00a0prac<\/li>\n<li>Kursy i szkolenia umo\u017cliwiaj\u0105ce nabycie, podniesienie lub zmian\u0119 kwalifikacji.<\/li>\n<li>Sta\u017ce\u00a0zawodowe<\/li>\n<\/ul>\n<p>O\u015brodek Pomocy Spo\u0142ecznej w Z\u0142otym Stoku zapewnia opiek\u0119 nad dzie\u0107mi oraz zwrot koszt\u00f3w dojazdu na zaj\u0119cia w ramach projektu.<\/p>\n<p>Warto\u015b\u0107 projektu\u00a0 824\u00a0821,86\u00a0z\u0142 Wk\u0142ad Unii Europejskiej 700\u00a0164, 36 z\u0142. Dzia\u0142ania finansowane s\u0105 z Funduszy Europejskich w ramach Regionalnego Programu Operacyjnego Wojew\u00f3dztwa Dolno\u015bl\u0105skiego 2014-2020<\/p>\n<p><img loading=\"lazy\" decoding=\"async\" class=\"alignnone size-full wp-image-91\" src=\"http:\/\/elektronik.nazwa.pl\/wp_new\/wp-content\/uploads\/2018\/08\/Uwierz-w-siebie-zyj-aktywnie.jpg\" alt=\"\" width=\"1042\" height=\"735\" srcset=\"https:\/\/zlotyops.pl\/wp-content\/uploads\/2018\/08\/Uwierz-w-siebie-zyj-aktywnie.jpg 1042w, https:\/\/zlotyops.pl\/wp-content\/uploads\/2018\/08\/Uwierz-w-siebie-zyj-aktywnie-300x212.jpg 300w, https:\/\/zlotyops.pl\/wp-content\/uploads\/2018\/08\/Uwierz-w-siebie-zyj-aktywnie-768x542.jpg 768w, https:\/\/zlotyops.pl\/wp-content\/uploads\/2018\/08\/Uwierz-w-siebie-zyj-aktywnie-1024x722.jpg 1024w\" sizes=\"auto, (max-width: 1042px) 100vw, 1042px\" \/><\/p>\n<p>&nbsp;<\/p>\n","protected":false},"excerpt":{"rendered":"<p>PROJEKT FINANSOWANY ZE \u015aRODK\u00d3W UE O\u015brodek Pomocy Spo\u0142ecznej w Z\u0142otym Stoku jest realizatorem Projektu pn. Uwierz\u00a0w\u00a0siebie\u00a0&#8211;\u00a0\u017cyj\u00a0aktywnie w ramach IX Osi Priorytetowej W\u0142\u0105czenie\u00a0spo\u0142eczne, Dzia\u0142anie 9.1 Aktywna Integracja, Poddzia\u0142anie 9.1.1 Aktywna integracja \u2013 konkursy horyzontalne, Regionalny Program Operacyjny Wojew\u00f3dztwa Dolno\u015bl\u0105skiego 2014-2020 Okres realizacji projektu: od 2018-07-01 do:\u00a02021-06-30 Celem g\u0142\u00f3wnym projektu jest aktywizacja spo\u0142eczno \u2013 zawodowa 60 os\u00f3b [&hellip;]<\/p>\n","protected":false},"author":2,"featured_media":0,"parent":0,"menu_order":0,"comment_status":"closed","ping_status":"closed","template":"","meta":{"footnotes":""},"class_list":["post-33","page","type-page","status-publish","hentry"],"_links":{"self":[{"href":"https:\/\/zlotyops.pl\/index.php?rest_route=\/wp\/v2\/pages\/33","targetHints":{"allow":["GET"]}}],"collection":[{"href":"https:\/\/zlotyops.pl\/index.php?rest_route=\/wp\/v2\/pages"}],"about":[{"href":"https:\/\/zlotyops.pl\/index.php?rest_route=\/wp\/v2\/types\/page"}],"author":[{"embeddable":true,"href":"https:\/\/zlotyops.pl\/index.php?rest_route=\/wp\/v2\/users\/2"}],"replies":[{"embeddable":true,"href":"https:\/\/zlotyops.pl\/index.php?rest_route=%2Fwp%2Fv2%2Fcomments&post=33"}],"version-history":[{"count":3,"href":"https:\/\/zlotyops.pl\/index.php?rest_route=\/wp\/v2\/pages\/33\/revisions"}],"predecessor-version":[{"id":99,"href":"https:\/\/zlotyops.pl\/index.php?rest_route=\/wp\/v2\/pages\/33\/revisions\/99"}],"wp:attachment":[{"href":"https:\/\/zlotyops.pl\/index.php?rest_route=%2Fwp%2Fv2%2Fmedia&parent=33"}],"curies":[{"name":"wp","href":"https:\/\/api.w.org\/{rel}","templated":true}]}}