{"id":35,"date":"2019-07-25T14:05:46","date_gmt":"2019-07-25T14:05:46","guid":{"rendered":"http:\/\/elektronik.nazwa.pl\/wp_new\/?page_id=35"},"modified":"2019-07-30T07:58:27","modified_gmt":"2019-07-30T07:58:27","slug":"program-operacyjny-pomoc-zywnosciowa-2014-2020","status":"publish","type":"page","link":"https:\/\/zlotyops.pl\/?page_id=35","title":{"rendered":"Program Operacyjny Pomoc \u017bywno\u015bciowa 2014-2020"},"content":{"rendered":"<p><img loading=\"lazy\" decoding=\"async\" class=\"aligncenter size-full wp-image-151\" src=\"http:\/\/elektronik.nazwa.pl\/wp_new\/wp-content\/uploads\/2018\/11\/Loga_na_strony_intrnetowe-zywnosc.png\" alt=\"\" width=\"1407\" height=\"182\" srcset=\"https:\/\/zlotyops.pl\/wp-content\/uploads\/2018\/11\/Loga_na_strony_intrnetowe-zywnosc.png 1407w, https:\/\/zlotyops.pl\/wp-content\/uploads\/2018\/11\/Loga_na_strony_intrnetowe-zywnosc-300x39.png 300w, https:\/\/zlotyops.pl\/wp-content\/uploads\/2018\/11\/Loga_na_strony_intrnetowe-zywnosc-768x99.png 768w, https:\/\/zlotyops.pl\/wp-content\/uploads\/2018\/11\/Loga_na_strony_intrnetowe-zywnosc-1024x132.png 1024w\" sizes=\"auto, (max-width: 1407px) 100vw, 1407px\" \/><\/p>\n<p style=\"text-align: center;\"><strong>PODPROGRAM 2018 \u2013 efekty<\/strong><\/p>\n<ol>\n<li>Gmina Z\u0142oty Stok reprezentowana przez <strong>O\u015brodek Pomocy Spo\u0142ecznej w Z\u0142otym Stoku<\/strong> z terenu wojew\u00f3dztwa dolno\u015bl\u0105skiego przy wsp\u00f3\u0142pracy z <strong>Bankiem \u017bywno\u015bci we Wroc\u0142awiu<\/strong> realizowa\u0142 \u00a0Program Operacyjny Pomoc \u017bywno\u015bciowa Podprogram 2018 wsp\u00f3\u0142finansowany z Europejskiego Funduszu Pomocy Najbardziej Potrzebuj\u0105cym, kt\u00f3rego celem by\u0142o zapewnienie najubo\u017cszym mieszka\u0144com Polski pomocy \u017cywno\u015bciowej oraz uczestnictwa w dzia\u0142aniach w ramach \u015brodk\u00f3w towarzysz\u0105cych w okresie\u00a0 wrzesie\u0144 2018 \u2013 czerwiec 2019.<\/li>\n<li>Osoby potrzebuj\u0105ce otrzyma\u0142y bezp\u0142atnie artyku\u0142y spo\u017cywcze:<\/li>\n<\/ol>\n<ul>\n<li>warzywne i owocowe (groszek z marchewk\u0105, fasola bia\u0142a, koncentrat pomidorowy, buraczki wi\u00f3rki, powid\u0142a \u015bliwkowe);<\/li>\n<\/ul>\n<ul>\n<li>skrobiowe (makaron jajeczny, makaron kukurydziany bezglutenowy, ry\u017c bia\u0142y, kasza gryczana, herbatniki ma\u015blane),<\/li>\n<\/ul>\n<ul>\n<li>mleczne (mleko UHT, ser podpuszczkowy dojrzewaj\u0105cy),<\/li>\n<\/ul>\n<ul>\n<li>mi\u0119sne (szynka drobiowa, szynka wieprzowa mielona, pasztet wieprzowy, kabanosy wieprzowe, filet z makreli w oleju),<\/li>\n<\/ul>\n<ul>\n<li>cukier (cukier bia\u0142y, mi\u00f3d wielokwiatowy),<\/li>\n<li>t\u0142uszcze (olej rzepakowy),<\/li>\n<li>dania gotowe (go\u0142\u0105bki w sosie pomidorowym).<\/li>\n<\/ul>\n<ol start=\"2\">\n<li>Pomoc \u017cywno\u015bciowa trafi\u0142a do 594 os\u00f3b znajduj\u0105cych si\u0119 w trudnej sytuacji \u017cyciowej z terenu wojew\u00f3dztwa dolno\u015bl\u0105skiego, gminy Z\u0142oty Stok.<\/li>\n<li>Wydali\u015bmy osobom potrzebuj\u0105cym:<\/li>\n<\/ol>\n<ul>\n<li><strong>29,96136 ton \u017cywno\u015bci<\/strong>;<\/li>\n<li><strong>2376 paczek \u017cywno\u015bciowych<\/strong>;<\/li>\n<li>0 posi\u0142k\u00f3w;<\/li>\n<\/ul>\n<ol start=\"4\">\n<li>W ramach Podprogramu 2018 dla 154 os\u00f3b korzystaj\u0105cych z pomocy \u017cywno\u015bciowej przeprowadzono \u00a06 warsztat\u00f3w edukacyjnych w ramach dzia\u0142a\u0144 towarzysz\u0105cych:<\/li>\n<\/ol>\n<ul>\n<li>Ekonomiczne \u2013 2 spotkania dla 50 uczestnik\u00f3w<\/li>\n<li>\u017bywieniowe \u2013 2 spotkania dla spotka\u0144 dla 54 uczestnik\u00f3w<\/li>\n<li>Kulinarne &#8211; 2 spotkania dla 50 uczestnik\u00f3w<\/li>\n<\/ul>\n<p style=\"text-align: center;\"><strong>PROGRAM OPERACYJNY POMOC \u017bYWNO\u015aCIOWA 2014-2020<\/strong><\/p>\n<p style=\"text-align: center;\"><strong>JEST WSP\u00d3\u0141FINANSOWANY Z EUROPEJSKIEGO FUNDUSZU<\/strong><\/p>\n<p style=\"text-align: center;\"><strong>\u00a0POMOCY NAJBARDZIEJ POTRZEBUJ\u0104CYM<\/strong><\/p>\n<p style=\"text-align: center;\"><strong>PODPROGRAM 2018<\/strong><\/p>\n<p><strong>\u00a0<\/strong><\/p>\n<p><strong>CELEM PROGRAMU <\/strong>jest zapewnienie najubo\u017cszym mieszka\u0144com Polski pomocy \u017cywno\u015bciowej oraz uczestnictwa w dzia\u0142aniach w ramach \u015brodk\u00f3w towarzysz\u0105cych w okresie\u00a0 sierpie\u0144 2018 \u2013 czerwiec 2019,\u00a0 a jej celami szczeg\u00f3\u0142owymi s\u0105:<\/p>\n<ol>\n<li>organizacja i koordynacja sieci dystrybucji pomocy \u017cywno\u015bciowej sk\u0142adaj\u0105cej si\u0119 z organizacji partnerskich lokalnych, zwanych dalej <strong>OPL<\/strong>, zgodnie z zasadami PO P\u017b,<\/li>\n<li>racjonalne zagospodarowanie artyku\u0142\u00f3w spo\u017cywczych otrzymanych z OPO oraz z innych \u017ar\u00f3de\u0142, na potrzeby udzielania pomocy \u017cywno\u015bciowej osobom najbardziej potrzebuj\u0105cym,<\/li>\n<li>przekazanie artyku\u0142\u00f3w spo\u017cywczych osobom zakwalifikowanym do otrzymania pomocy \u017cywno\u015bciowej zgodnie z zasadami PO P\u017b,<\/li>\n<li>prowadzenie dzia\u0142a\u0144 w ramach \u015brodk\u00f3w towarzysz\u0105cych w\u015br\u00f3d os\u00f3b najbardziej potrzebuj\u0105cych zakwalifikowanych do obj\u0119cia pomoc\u0105 \u017cywno\u015bciow\u0105, maj\u0105cych na celu w\u0142\u0105czenie spo\u0142eczne.<\/li>\n<\/ol>\n<p><strong>\u00a0<\/strong><\/p>\n<p><strong>OKRES DYSTRYBUCJI \u017bYWNO\u015aCI:\u00a0 <\/strong>wrzesie\u0144 2018 \u2013 czerwiec 2019<\/p>\n<p>Pomoc \u017cywno\u015bciowa dystrybuowana jest przez <strong>Bank \u017bywno\u015bci we Wroc\u0142awiu<\/strong>\u00a0\u00a0 [OPR] do Organizacji Partnerskiej Lokalnej [OPL] <strong>na terenie wojew\u00f3dztwa dolno\u015bl\u0105skiego,<\/strong> kt\u00f3ra przekazuje \u017cywno\u015b\u0107 bezpo\u015brednio do os\u00f3b potrzebuj\u0105cych.<\/p>\n<p><strong>\u00a0KRYTERIA KWALIFIKOWALNO\u015aCI I SPOS\u00d3B KWALIFIKACJI:<\/strong><\/p>\n<ol>\n<li>Pomoc w ramach POP\u017b kierowana jest do tych os\u00f3b i rodzin, kt\u00f3re z powodu niskich dochod\u00f3w nie mog\u0105 zapewni\u0107 sobie\/rodzinie odpowiednich produkt\u00f3w \u017cywno\u015bciowych (posi\u0142k\u00f3w) i dlatego te\u017c trafia\u0107 b\u0119dzie do ograniczonej liczby os\u00f3b znajduj\u0105cych si\u0119 w najtrudniejszej sytuacji \u017cyciowej (okre\u015blonej przes\u0142ankami z art. 7 ustawy o pomocy spo\u0142ecznej oraz poziomem dochod\u00f3w odniesionych do procentowej warto\u015bci odpowiedniego kryterium dochodowego okre\u015blonego w tej ustawie &#8211; kt\u00f3rych doch\u00f3d nie przekracza 200% kryterium dochodowego uprawniaj\u0105cego do skorzystania z pomocy spo\u0142ecznej, <strong> do 30.09.2018 r. \u2013 1 268 PLN dla osoby samotnie gospodaruj\u0105cej i 1 028 PLN, dla osoby w rodzinie, a od 01.10.2018 r. \u2013 1 402 PLN dla osoby samotnie gospodaruj\u0105cej i 1 056 PLN dla osoby w rodzinie, <\/strong>stanowi\u0105c systematyczne wsparcie. Pomoc udzielana b\u0119dzie w postaci artyku\u0142\u00f3w spo\u017cywczych lub posi\u0142k\u00f3w, kt\u00f3re b\u0119d\u0105 przekazywane osobom najbardziej potrzebuj\u0105cym bezp\u0142atnie.<\/li>\n<\/ol>\n<ol start=\"2\">\n<li>Spos\u00f3b kwalifikacji:<\/li>\n<\/ol>\n<ul>\n<li>OPS b\u0119d\u0105 wydawa\u0107 osobom potrzebuj\u0105cym skierowania do otrzymania pomocy \u017cywno\u015bciowej\u00a0 lub przekazywa\u0107 OPL listy os\u00f3b zakwalifikowanych do pomocy\u00a0 z POP\u017b, pod warunkiem uzyskania zgody tych os\u00f3b;<\/li>\n<li>OPL mog\u0105 w swoich siedzibach przyjmowa\u0107 o\u015bwiadczenia od os\u00f3b kwalifikuj\u0105cych si\u0119 do przyznania pomocy \u017cywno\u015bciowej [za\u0142\u0105cznik nr 5 do wytycznych]. O\u015bwiadczenia wraz z wype\u0142nionym skierowaniem\u00a0 przekazywane b\u0119d\u0105 do OPS, , kt\u00f3ry potwierdza do kwalifikowalno\u015b\u0107 do przyznania pomocy;<\/li>\n<li>OPL mog\u0105 samodzielnie kwalifikowa\u0107 wy\u0142\u0105cznie osoby bezdomne do udzia\u0142u\u00a0 w POP\u017b na podstawie podpisanego o\u015bwiadczenia\u00a0 [za\u0142\u0105cznik nr 6 do wytycznych].<\/li>\n<\/ul>\n<p><strong>ZASADY PRZEKAZYWANIA ARTYKU\u0141\u00d3W SPO\u017bYWCZYCH:<\/strong><\/p>\n<p>Pomoc \u017cywno\u015bciowa jest przekazywana osobom najbardziej potrzebuj\u0105cym za po\u015brednictwem Organizacji Partnerskich Lokalnych <strong>jako zestaw artyku\u0142\u00f3w spo\u017cywczych w formie paczek \u017cywno\u015bciowych lub posi\u0142k\u00f3w. <\/strong><\/p>\n<ol>\n<li><strong>Zestaw roczny artyku\u0142\u00f3w spo\u017cywczych w Podprogramie<\/strong> 2018 obejmuje artyku\u0142y spo\u017cywcze w \u0142\u0105cznej ilo\u015bci ok 49 kg w tym:\n<ol>\n<li>Artyku\u0142y warzywne i owocowe:\n<ol>\n<li>groszek z marchewk\u0105 3,6 kg,<\/li>\n<li>fasola bia\u0142a 3,6 kg,<\/li>\n<li>koncentrat pomidorowy 1,60 kg,<\/li>\n<li>buraczki wi\u00f3rki 1,05 kg,<\/li>\n<li>powid\u0142a \u015bliwkowe 1,80 kg,<\/li>\n<\/ol>\n<\/li>\n<li>Artyku\u0142y skrobiowe:\n<ol>\n<li>makaron jajeczny 4,5 kg,<\/li>\n<li>makaron kukurydziany bezglutenowy 0,5 kg<\/li>\n<li>ry\u017c bia\u0142y 3 kg,<\/li>\n<li>kasza gryczana 1,5 kg,<\/li>\n<li>herbatniki ma\u015blane 0,8 kg,<\/li>\n<\/ol>\n<\/li>\n<li>Artyku\u0142y mleczne:\n<ol>\n<li>mleko UHT 7 l,<\/li>\n<li>ser podpuszczkowy dojrzewaj\u0105cy 2,4 kg,<\/li>\n<\/ol>\n<\/li>\n<li>Artyku\u0142y mi\u0119sne:\n<ol>\n<li>szynka drobiowa 3 kg,<\/li>\n<li>szynka wieprzowa mielona 2,1 kg,<\/li>\n<li>pasztet wieprzowy 0,64 kg,<\/li>\n<li>kabanosy wieprzowe 0,36 kg,<\/li>\n<li>filet z makreli w oleju 1,7 kg,<\/li>\n<\/ol>\n<\/li>\n<li>Cukier\n<ol>\n<li>cukier bia\u0142y 4 kg,<\/li>\n<li>mi\u00f3d nektarowy wielokwiatowy 0,4 kg<\/li>\n<\/ol>\n<\/li>\n<li>T\u0142uszcze\n<ol>\n<li>olej rzepakowy 4 l,<\/li>\n<\/ol>\n<\/li>\n<li>Dania gotowe\n<ol>\n<li>go\u0142\u0105bki w sosie pomidorowym 1,6 kg;<\/li>\n<\/ol>\n<\/li>\n<li><strong>Paczka \u017cywno\u015bciowa<\/strong> to minimum kilka artyku\u0142\u00f3w spo\u017cywczych [co najmniej 3]\u00a0 z r\u00f3\u017cnych grup towarowych\u00a0 wydawanych jednorazowo.<\/li>\n<li><strong>Posi\u0142ek <\/strong>to ka\u017cdy posi\u0142ek przygotowany w OPL, np. jad\u0142odajnie, schroniska dla os\u00f3b bezdomnych] do tego przeznaczone: \u015bniadanie, II \u015bniadanie, obiad \u2013 w szczeg\u00f3lno\u015bci\u00a0 gor\u0105cy posi\u0142ek, podwieczorek, kolacja]. posi\u0142ki do spo\u017cycia na miejscu s\u0105 przygotowywane i wydawane w plac\u00f3wkach posiadaj\u0105cych zaplecze kuchenne (m.in. w schroniskach dla bezdomnych, jad\u0142odajniach, noclegowniach) z wy\u0142\u0105czeniem \u015bwiadczenia us\u0142ug firm zewn\u0119trznych (np. catering).<\/li>\n<li>W przypadku gdy liczba os\u00f3b uprawnionych do pomocy \u017cywno\u015bciowej zg\u0142aszaj\u0105cych si\u0119 w trakcie realizacji Podprogramu 2018 jest wi\u0119ksza ni\u017c do danej OPR\/OPL b\u0119dzie wi\u0119ksza ni\u017c planowana, Instytucja Zarz\u0105dzaj\u0105ca dopuszcza zmniejszenie zestawu rocznego dla 1 osoby, nie wi\u0119cej jednak\u017ce ni\u017c do 80% jego ca\u0142kowitej ilo\u015bci (tj. do ok. 39,5 kg). W zestawie nale\u017cy w miar\u0119 mo\u017cliwo\u015bci uwzgl\u0119dni\u0107 produkty ze wszystkich 7 grup artyku\u0142\u00f3w spo\u017cywczych<\/li>\n<li>W\u00a0 uzasadnionych sytuacjach np. stan zdrowia lub indywidualne potrzeby \u017cywno\u015bciowe\u00a0 mo\u017cna zmieni\u0107 artyku\u0142 spo\u017cywczy na inny w odpowiedniej proporcji\u00a0 lub zwi\u0119kszy\u0107 liczb\u0119 opakowa\u0144.<\/li>\n<li>W przypadku rodzin z dzie\u0107mi dopuszcza si\u0119 zwi\u0119kszenie liczby opakowa\u0144 artyku\u0142\u00f3w spo\u017cywczych do potrzeb rodzin .<\/li>\n<li><strong>\u017bywno\u015b\u0107 jest wydawana osobom potrzebuj\u0105cym\u00a0 w ramach POP\u017b nieodp\u0142atnie.<\/strong><\/li>\n<\/ol>\n<\/li>\n<\/ol>\n<p><strong>SK\u0141ADANIE SKARG PRZEZ OSOBY NAJBARDZIEJ POTRZEBUJ\u0104CE:<\/strong><\/p>\n<p>Ka\u017cda osoba potrzebuj\u0105ca ma prawo z\u0142o\u017cenia skargi dotycz\u0105cej sposobu dystrybucji\u00a0 \u017cywno\u015b\u0107 do lokalnego Banku \u017bywno\u015bci, nast\u0119pnie do Federacji Polskich Bank\u00f3w \u017bywno\u015bci z siedzib\u0105 w Warszawie albo do Instytucji Zarz\u0105dzaj\u0105cej &#8211; Ministra Rodziny, Pracy i Polityki Spo\u0142ecznej.<\/p>\n<p><strong>DZIA\u0141ANIA TOWARZYSZ\u0104CE:<\/strong><\/p>\n<p>Dzia\u0142ania realizowane przez Bank \u017bywno\u015bci na rzecz podopiecznych OPL, przy wsp\u00f3\u0142pracy z OPL i OPS:<\/p>\n<ul>\n<li>warsztaty kulinarne;<\/li>\n<li>warsztaty edukacji ekonomicznej;<\/li>\n<li>warsztaty dietetyczne;<\/li>\n<li>warsztaty niemarnowania \u017cywno\u015bci.<\/li>\n<\/ul>\n<p>Dzia\u0142ania realizowane s\u0105 w siedzibie organizacji bior\u0105cej udzia\u0142 w Podprogramie lub w miejscu wyznaczonym przez organizacj\u0119 na rzecz podopiecznych, kt\u00f3rzy zostali zakwalifikowani do otrzymania pomocy \u017cywno\u015bciowej, w pobli\u017cu ich miejsca zamieszkania. Terminy oraz miejsca realizacji warsztat\u00f3w znajduj\u0105 si\u0119 na stronach internetowych Bank\u00f3w \u017bywno\u015bci.<\/p>\n<p>Dzia\u0142ania realizowane przez Organizacje Partnerskie Lokalne na rzecz podopiecznych to:<\/p>\n<ul>\n<li>w\u0142\u0105czenie os\u00f3b do\u015bwiadczaj\u0105cych deprywacji materialnej w funkcjonowanie spo\u0142eczno\u015bci lokalnych, np.: zaj\u0119cia aktywizuj\u0105ce i wsp\u00f3lne inicjatywy na rzecz spo\u0142eczno\u015bci lokalnej, zmierzaj\u0105ce do wyj\u015bcia z ub\u00f3stwa;<\/li>\n<li>grupy wsparcia dla r\u00f3\u017cnych kategorii os\u00f3b w trudnej sytuacji (np. osoby starsze, matki z dzie\u0107mi, osoby samotne);<\/li>\n<li>pomoc towarzysz\u0105ca niezb\u0119dna do zaspokajania podstawowych potrzeb \u017cyciowych \u2013 os\u00f3b korzystaj\u0105cych z pomocy \u017cywno\u015bciowej (z wy\u0142\u0105czeniem pomocy rzeczowej);<\/li>\n<li>pomoc w utrzymaniu higieny osobistej osobom bezdomnym;<\/li>\n<li>wsparcie psychologiczne\/terapeutyczne os\u00f3b zagro\u017conych wykluczeniem spo\u0142ecznym.<\/li>\n<\/ul>\n<p><strong>Do udzia\u0142u w dzia\u0142aniach towarzysz\u0105cych ma prawo ka\u017cda osoba<\/strong>,\u00a0<strong>kt\u00f3ra otrzyma\u0142a skierowanie z OPS<\/strong>\u00a0do odbioru wsparcia \u017cywno\u015bciowego w ramach POP\u017b \u2013 ale nie znaczy to, \u017ce ka\u017cda osoba musi z nich skorzysta\u0107. Konieczna jest wsp\u00f3\u0142praca z OPS w zakresie rzeczywistych potrzeb obj\u0119cia wsparciem dzia\u0142aniami os\u00f3b, kt\u00f3re korzystaj\u0105 z POP\u017b. Dzia\u0142ania nie mog\u0105 si\u0119 pokrywa\u0107 z dzia\u0142aniami prowadzonymi w ramach innych funduszy unijnych (EFS i PROW) w danym wojew\u00f3dztwie, ale musz\u0105 by\u0107 z nimi komplementarne.<\/p>\n","protected":false},"excerpt":{"rendered":"<p>PODPROGRAM 2018 \u2013 efekty Gmina Z\u0142oty Stok reprezentowana przez O\u015brodek Pomocy Spo\u0142ecznej w Z\u0142otym Stoku z terenu wojew\u00f3dztwa dolno\u015bl\u0105skiego przy wsp\u00f3\u0142pracy z Bankiem \u017bywno\u015bci we Wroc\u0142awiu realizowa\u0142 \u00a0Program Operacyjny Pomoc \u017bywno\u015bciowa Podprogram 2018 wsp\u00f3\u0142finansowany z Europejskiego Funduszu Pomocy Najbardziej Potrzebuj\u0105cym, kt\u00f3rego celem by\u0142o zapewnienie najubo\u017cszym mieszka\u0144com Polski pomocy \u017cywno\u015bciowej oraz uczestnictwa w dzia\u0142aniach w ramach [&hellip;]<\/p>\n","protected":false},"author":2,"featured_media":0,"parent":0,"menu_order":0,"comment_status":"closed","ping_status":"closed","template":"","meta":{"footnotes":""},"class_list":["post-35","page","type-page","status-publish","hentry"],"_links":{"self":[{"href":"https:\/\/zlotyops.pl\/index.php?rest_route=\/wp\/v2\/pages\/35","targetHints":{"allow":["GET"]}}],"collection":[{"href":"https:\/\/zlotyops.pl\/index.php?rest_route=\/wp\/v2\/pages"}],"about":[{"href":"https:\/\/zlotyops.pl\/index.php?rest_route=\/wp\/v2\/types\/page"}],"author":[{"embeddable":true,"href":"https:\/\/zlotyops.pl\/index.php?rest_route=\/wp\/v2\/users\/2"}],"replies":[{"embeddable":true,"href":"https:\/\/zlotyops.pl\/index.php?rest_route=%2Fwp%2Fv2%2Fcomments&post=35"}],"version-history":[{"count":5,"href":"https:\/\/zlotyops.pl\/index.php?rest_route=\/wp\/v2\/pages\/35\/revisions"}],"predecessor-version":[{"id":275,"href":"https:\/\/zlotyops.pl\/index.php?rest_route=\/wp\/v2\/pages\/35\/revisions\/275"}],"wp:attachment":[{"href":"https:\/\/zlotyops.pl\/index.php?rest_route=%2Fwp%2Fv2%2Fmedia&parent=35"}],"curies":[{"name":"wp","href":"https:\/\/api.w.org\/{rel}","templated":true}]}}