{"id":357,"date":"2020-07-17T21:52:52","date_gmt":"2020-07-17T21:52:52","guid":{"rendered":"http:\/\/elektronik.nazwa.pl\/wp_new\/?page_id=357"},"modified":"2020-08-14T14:37:57","modified_gmt":"2020-08-14T14:37:57","slug":"zapytanie-ofertowe-organizacja-i-przeprowadzenie-poradnictwa-psychologicznego-oraz-treningow-indywidualnych-i-grupowych-warsztatow-kompetencji-spolecznych-dla-uczestnikow-projektu-uwierz-w-siebie","status":"publish","type":"page","link":"https:\/\/zlotyops.pl\/?page_id=357","title":{"rendered":"Zapytanie ofertowe &#8211; Organizacja i przeprowadzenie poradnictwa psychologicznego oraz trening\u00f3w indywidualnych i grupowych warsztat\u00f3w kompetencji spo\u0142ecznych dla uczestnik\u00f3w projektu &#8222;Uwierz w siebie \u017cyj aktywnie&#8221;"},"content":{"rendered":"\n<div class=\"wp-block-file\"><a href=\"http:\/\/elektronik.nazwa.pl\/wp_new\/wp-content\/uploads\/2020\/07\/Xerox-Scan_17072020092811.pdf\">Zapytanie ofertowe<\/a><a href=\"http:\/\/elektronik.nazwa.pl\/wp_new\/wp-content\/uploads\/2020\/07\/Xerox-Scan_17072020092811.pdf\" class=\"wp-block-file__button\" download>Pobierz<\/a><\/div>\n\n\n\n<div class=\"wp-block-file\"><a href=\"http:\/\/elektronik.nazwa.pl\/wp_new\/wp-content\/uploads\/2020\/08\/Xerox-Scan_14082020134614.pdf\">Zawiadomienie o wyborze oferty i uniewa\u017cnieniu post\u0119powania<\/a><a href=\"http:\/\/elektronik.nazwa.pl\/wp_new\/wp-content\/uploads\/2020\/08\/Xerox-Scan_14082020134614.pdf\" class=\"wp-block-file__button\" download>Pobierz<\/a><\/div>\n","protected":false},"excerpt":{"rendered":"","protected":false},"author":1,"featured_media":0,"parent":0,"menu_order":0,"comment_status":"closed","ping_status":"closed","template":"","meta":{"footnotes":""},"class_list":["post-357","page","type-page","status-publish","hentry"],"_links":{"self":[{"href":"https:\/\/zlotyops.pl\/index.php?rest_route=\/wp\/v2\/pages\/357","targetHints":{"allow":["GET"]}}],"collection":[{"href":"https:\/\/zlotyops.pl\/index.php?rest_route=\/wp\/v2\/pages"}],"about":[{"href":"https:\/\/zlotyops.pl\/index.php?rest_route=\/wp\/v2\/types\/page"}],"author":[{"embeddable":true,"href":"https:\/\/zlotyops.pl\/index.php?rest_route=\/wp\/v2\/users\/1"}],"replies":[{"embeddable":true,"href":"https:\/\/zlotyops.pl\/index.php?rest_route=%2Fwp%2Fv2%2Fcomments&post=357"}],"version-history":[{"count":3,"href":"https:\/\/zlotyops.pl\/index.php?rest_route=\/wp\/v2\/pages\/357\/revisions"}],"predecessor-version":[{"id":372,"href":"https:\/\/zlotyops.pl\/index.php?rest_route=\/wp\/v2\/pages\/357\/revisions\/372"}],"wp:attachment":[{"href":"https:\/\/zlotyops.pl\/index.php?rest_route=%2Fwp%2Fv2%2Fmedia&parent=357"}],"curies":[{"name":"wp","href":"https:\/\/api.w.org\/{rel}","templated":true}]}}