{"id":362,"date":"2020-07-17T00:55:34","date_gmt":"2020-07-17T00:55:34","guid":{"rendered":"http:\/\/elektronik.nazwa.pl\/wp_new\/?page_id=362"},"modified":"2020-09-09T16:53:45","modified_gmt":"2020-09-09T16:53:45","slug":"zarzadzenie-w-sprawie-ogloszenia-konkursu-ofert-na-realizacje-zadania-publicznego-z-zakresu-pomocy-spolecznej-w-tym-pomocy-rodzinom-i-osobom-w-trudnej-sytuacji-zyciowej-oraz-wyrownania-szans-tych-oso","status":"publish","type":"page","link":"https:\/\/zlotyops.pl\/?page_id=362","title":{"rendered":"Zarz\u0105dzenie w sprawie og\u0142oszenia konkursu ofert na realizacj\u0119 zadania publicznego z zakresu pomocy spo\u0142ecznej, w tym pomocy rodzinom i osobom w trudnej sytuacji \u017cyciowej oraz wyr\u00f3wnania szans tych os\u00f3b i ich rodzin polegaj\u0105cym na \u015bwiadczeniu us\u0142ug aktywnej integracji o charakterze zawodowym dla uczestnik\u00f3w projektu &#8222;Uwierz w siebie &#8211; \u017cyj aktywnie&#8221;."},"content":{"rendered":"\n<div class=\"wp-block-file\"><a href=\"http:\/\/elektronik.nazwa.pl\/wp_new\/wp-content\/uploads\/2020\/07\/Xerox-Scan_17072020144559.pdf\">Zarz\u0105dzenie<\/a><a href=\"http:\/\/elektronik.nazwa.pl\/wp_new\/wp-content\/uploads\/2020\/07\/Xerox-Scan_17072020144559.pdf\" class=\"wp-block-file__button\" download>Pobierz<\/a><\/div>\n\n\n\n<div class=\"wp-block-file\"><a href=\"http:\/\/elektronik.nazwa.pl\/wp_new\/wp-content\/uploads\/2020\/07\/zalacznik-nr-1.docx\">zalacznik-nr-1<\/a><a href=\"http:\/\/elektronik.nazwa.pl\/wp_new\/wp-content\/uploads\/2020\/07\/zalacznik-nr-1.docx\" class=\"wp-block-file__button\" download>Pobierz<\/a><\/div>\n\n\n\n<div class=\"wp-block-file\"><a href=\"http:\/\/elektronik.nazwa.pl\/wp_new\/wp-content\/uploads\/2020\/07\/zalacznik-nr-2.docx\">zalacznik-nr-2<\/a><a href=\"http:\/\/elektronik.nazwa.pl\/wp_new\/wp-content\/uploads\/2020\/07\/zalacznik-nr-2.docx\" class=\"wp-block-file__button\" download>Pobierz<\/a><\/div>\n\n\n\n<div class=\"wp-block-file\"><a href=\"http:\/\/elektronik.nazwa.pl\/wp_new\/wp-content\/uploads\/2020\/07\/zalacznik-nr-3.docx\">zalacznik-nr-3<\/a><a href=\"http:\/\/elektronik.nazwa.pl\/wp_new\/wp-content\/uploads\/2020\/07\/zalacznik-nr-3.docx\" class=\"wp-block-file__button\" download>Pobierz<\/a><\/div>\n","protected":false},"excerpt":{"rendered":"","protected":false},"author":1,"featured_media":0,"parent":0,"menu_order":0,"comment_status":"closed","ping_status":"closed","template":"","meta":{"footnotes":""},"class_list":["post-362","page","type-page","status-publish","hentry"],"_links":{"self":[{"href":"https:\/\/zlotyops.pl\/index.php?rest_route=\/wp\/v2\/pages\/362","targetHints":{"allow":["GET"]}}],"collection":[{"href":"https:\/\/zlotyops.pl\/index.php?rest_route=\/wp\/v2\/pages"}],"about":[{"href":"https:\/\/zlotyops.pl\/index.php?rest_route=\/wp\/v2\/types\/page"}],"author":[{"embeddable":true,"href":"https:\/\/zlotyops.pl\/index.php?rest_route=\/wp\/v2\/users\/1"}],"replies":[{"embeddable":true,"href":"https:\/\/zlotyops.pl\/index.php?rest_route=%2Fwp%2Fv2%2Fcomments&post=362"}],"version-history":[{"count":2,"href":"https:\/\/zlotyops.pl\/index.php?rest_route=\/wp\/v2\/pages\/362\/revisions"}],"predecessor-version":[{"id":369,"href":"https:\/\/zlotyops.pl\/index.php?rest_route=\/wp\/v2\/pages\/362\/revisions\/369"}],"wp:attachment":[{"href":"https:\/\/zlotyops.pl\/index.php?rest_route=%2Fwp%2Fv2%2Fmedia&parent=362"}],"curies":[{"name":"wp","href":"https:\/\/api.w.org\/{rel}","templated":true}]}}