{"id":383,"date":"2020-09-09T16:58:53","date_gmt":"2020-09-09T16:58:53","guid":{"rendered":"http:\/\/elektronik.nazwa.pl\/wp_new\/?page_id=383"},"modified":"2020-09-09T16:58:53","modified_gmt":"2020-09-09T16:58:53","slug":"ogloszenie-o-rozstrzygnieciu-otwartego-konkursu-ofert-na-realizacje-zadania-publicznego-z-zakresu-pomocy-spolecznej-w-tym-pomocy-rodzinom-i-osobom-w-trudnej-sytuacji-zyciowej-oraz-wyrownywania-szans","status":"publish","type":"page","link":"https:\/\/zlotyops.pl\/?page_id=383","title":{"rendered":"Og\u0142oszenie o rozstrzygni\u0119ciu otwartego konkursu ofert na realizacj\u0119 zadania publicznego z zakresu pomocy spo\u0142ecznej, w tym pomocy rodzinom i osobom w trudnej sytuacji \u017cyciowej oraz wyr\u00f3wnywania szans tych os\u00f3b i ich rodzin polegaj\u0105cym na \u015bwiadczeniu us\u0142ug aktywnej integracji o charakterze zawodowym dla uczestnik\u00f3w projektu &#8222;Uwierz w siebie &#8211; \u017cyj aktywnie&#8221; realizowanego przez O\u015brodek Pomocy Spo\u0142ecznej w Z\u0142otym Stoku"},"content":{"rendered":"\n<div class=\"wp-block-file\"><a href=\"http:\/\/elektronik.nazwa.pl\/wp_new\/wp-content\/uploads\/2020\/09\/Rozstrzygni\u0119cie-konkursu.pdf\">Rozstrzygni\u0119cie konkursu<\/a><a href=\"http:\/\/elektronik.nazwa.pl\/wp_new\/wp-content\/uploads\/2020\/09\/Rozstrzygni\u0119cie-konkursu.pdf\" class=\"wp-block-file__button\" download>Pobierz<\/a><\/div>\n","protected":false},"excerpt":{"rendered":"","protected":false},"author":1,"featured_media":0,"parent":0,"menu_order":0,"comment_status":"closed","ping_status":"closed","template":"","meta":{"footnotes":""},"class_list":["post-383","page","type-page","status-publish","hentry"],"_links":{"self":[{"href":"https:\/\/zlotyops.pl\/index.php?rest_route=\/wp\/v2\/pages\/383","targetHints":{"allow":["GET"]}}],"collection":[{"href":"https:\/\/zlotyops.pl\/index.php?rest_route=\/wp\/v2\/pages"}],"about":[{"href":"https:\/\/zlotyops.pl\/index.php?rest_route=\/wp\/v2\/types\/page"}],"author":[{"embeddable":true,"href":"https:\/\/zlotyops.pl\/index.php?rest_route=\/wp\/v2\/users\/1"}],"replies":[{"embeddable":true,"href":"https:\/\/zlotyops.pl\/index.php?rest_route=%2Fwp%2Fv2%2Fcomments&post=383"}],"version-history":[{"count":1,"href":"https:\/\/zlotyops.pl\/index.php?rest_route=\/wp\/v2\/pages\/383\/revisions"}],"predecessor-version":[{"id":385,"href":"https:\/\/zlotyops.pl\/index.php?rest_route=\/wp\/v2\/pages\/383\/revisions\/385"}],"wp:attachment":[{"href":"https:\/\/zlotyops.pl\/index.php?rest_route=%2Fwp%2Fv2%2Fmedia&parent=383"}],"curies":[{"name":"wp","href":"https:\/\/api.w.org\/{rel}","templated":true}]}}