{"id":388,"date":"2020-12-04T17:49:39","date_gmt":"2020-12-04T17:49:39","guid":{"rendered":"http:\/\/elektronik.nazwa.pl\/wp_new\/?page_id=388"},"modified":"2020-12-22T17:56:35","modified_gmt":"2020-12-22T17:56:35","slug":"zapytanie-ofertowe-2","status":"publish","type":"page","link":"https:\/\/zlotyops.pl\/?page_id=388","title":{"rendered":"Zapytanie ofertowe"},"content":{"rendered":"\n<p>\u015awiadczenie us\u0142ug opieku\u0144czych, w tym specjalistycznych oraz specjalistycznych us\u0142ug opieku\u0144czych dla os\u00f3b z zaburzeniami psychicznymi w miejscu zamieszkania chorego na terenie gminy Z\u0142oty Stok w 2021 r.<\/p>\n\n\n\n<div class=\"wp-block-file\"><a href=\"http:\/\/elektronik.nazwa.pl\/wp_new\/wp-content\/uploads\/2020\/12\/04122020153311.pdf\">Zapytanie ofertowe<\/a><a href=\"http:\/\/elektronik.nazwa.pl\/wp_new\/wp-content\/uploads\/2020\/12\/04122020153311.pdf\" class=\"wp-block-file__button\" download>Pobierz<\/a><\/div>\n\n\n\n<div class=\"wp-block-file\"><a href=\"http:\/\/elektronik.nazwa.pl\/wp_new\/wp-content\/uploads\/2020\/12\/Za\u0142\u0105cznik-nr-1.docx\">Za\u0142\u0105cznik-nr-1<\/a><a href=\"http:\/\/elektronik.nazwa.pl\/wp_new\/wp-content\/uploads\/2020\/12\/Za\u0142\u0105cznik-nr-1.docx\" class=\"wp-block-file__button\" download>Pobierz<\/a><\/div>\n\n\n\n<div class=\"wp-block-file\"><a href=\"http:\/\/elektronik.nazwa.pl\/wp_new\/wp-content\/uploads\/2020\/12\/za\u0142acznik-nr-2.docx\">za\u0142acznik-nr-2<\/a><a href=\"http:\/\/elektronik.nazwa.pl\/wp_new\/wp-content\/uploads\/2020\/12\/za\u0142acznik-nr-2.docx\" class=\"wp-block-file__button\" download>Pobierz<\/a><\/div>\n\n\n\n<div class=\"wp-block-file\"><a href=\"http:\/\/elektronik.nazwa.pl\/wp_new\/wp-content\/uploads\/2020\/12\/inf.-o-rozstrzygnieciu.pdf\">Informacja o rozstrzygni\u0119ciu<\/a><a href=\"http:\/\/elektronik.nazwa.pl\/wp_new\/wp-content\/uploads\/2020\/12\/inf.-o-rozstrzygnieciu.pdf\" class=\"wp-block-file__button\" download>Pobierz<\/a><\/div>\n","protected":false},"excerpt":{"rendered":"<p>\u015awiadczenie us\u0142ug opieku\u0144czych, w tym specjalistycznych oraz specjalistycznych us\u0142ug opieku\u0144czych dla os\u00f3b z zaburzeniami psychicznymi w miejscu zamieszkania chorego na terenie gminy Z\u0142oty Stok w 2021 r.<\/p>\n","protected":false},"author":1,"featured_media":0,"parent":0,"menu_order":0,"comment_status":"closed","ping_status":"closed","template":"","meta":{"footnotes":""},"class_list":["post-388","page","type-page","status-publish","hentry"],"_links":{"self":[{"href":"https:\/\/zlotyops.pl\/index.php?rest_route=\/wp\/v2\/pages\/388","targetHints":{"allow":["GET"]}}],"collection":[{"href":"https:\/\/zlotyops.pl\/index.php?rest_route=\/wp\/v2\/pages"}],"about":[{"href":"https:\/\/zlotyops.pl\/index.php?rest_route=\/wp\/v2\/types\/page"}],"author":[{"embeddable":true,"href":"https:\/\/zlotyops.pl\/index.php?rest_route=\/wp\/v2\/users\/1"}],"replies":[{"embeddable":true,"href":"https:\/\/zlotyops.pl\/index.php?rest_route=%2Fwp%2Fv2%2Fcomments&post=388"}],"version-history":[{"count":2,"href":"https:\/\/zlotyops.pl\/index.php?rest_route=\/wp\/v2\/pages\/388\/revisions"}],"predecessor-version":[{"id":402,"href":"https:\/\/zlotyops.pl\/index.php?rest_route=\/wp\/v2\/pages\/388\/revisions\/402"}],"wp:attachment":[{"href":"https:\/\/zlotyops.pl\/index.php?rest_route=%2Fwp%2Fv2%2Fmedia&parent=388"}],"curies":[{"name":"wp","href":"https:\/\/api.w.org\/{rel}","templated":true}]}}