{"id":455,"date":"2022-02-23T15:45:25","date_gmt":"2022-02-23T15:45:25","guid":{"rendered":"http:\/\/elektronik.nazwa.pl\/wp_new\/?page_id=455"},"modified":"2022-03-07T20:46:21","modified_gmt":"2022-03-07T20:46:21","slug":"ogloszenie-o-stalym-naborze-kandydatow-na-opiekuna-prawnego-dla-osob-calkowicie-ubezwlasnowolnionych-i-kuratorow-dla-osob-czesciowo-ubezwlasnowolnionych","status":"publish","type":"page","link":"https:\/\/zlotyops.pl\/?page_id=455","title":{"rendered":"OG\u0141OSZENIE O STA\u0141YM NABORZE KANDYDAT\u00d3W NA OPIEKUNA PRAWNEGO DLA OS\u00d3B CA\u0141KOWICIE UBEZW\u0141ASNOWOLNIONYCH I KURATOR\u00d3W DLA OS\u00d3B CZ\u0118\u015aCIOWO UBEZW\u0141ASNOWOLNIONYCH"},"content":{"rendered":"\n<div class=\"wp-block-file\"><a href=\"http:\/\/elektronik.nazwa.pl\/wp_new\/wp-content\/uploads\/2022\/03\/og\u0142oszenie-o-naborze.docx\">Og\u0142oszenie o naborze<\/a><a href=\"http:\/\/elektronik.nazwa.pl\/wp_new\/wp-content\/uploads\/2022\/03\/og\u0142oszenie-o-naborze.docx\" class=\"wp-block-file__button\" download>Pobierz<\/a><\/div>\n\n\n\n<div class=\"wp-block-file\"><a href=\"http:\/\/elektronik.nazwa.pl\/wp_new\/wp-content\/uploads\/2022\/03\/za\u0142.1-o\u015bwiadczenie-kandydata.docx\">Za\u0142\u0105cznik 1 O\u015bwiadczenie kandydata<\/a><a href=\"http:\/\/elektronik.nazwa.pl\/wp_new\/wp-content\/uploads\/2022\/03\/za\u0142.1-o\u015bwiadczenie-kandydata.docx\" class=\"wp-block-file__button\" download>Pobierz<\/a><\/div>\n\n\n\n<div class=\"wp-block-file\"><a href=\"http:\/\/elektronik.nazwa.pl\/wp_new\/wp-content\/uploads\/2022\/03\/za\u0142.-2-o\u015bwiadczenie-rodo.docx\">Za\u0142\u0105cznik 2 O\u015bwiadczenie rodo<\/a><a href=\"http:\/\/elektronik.nazwa.pl\/wp_new\/wp-content\/uploads\/2022\/03\/za\u0142.-2-o\u015bwiadczenie-rodo.docx\" class=\"wp-block-file__button\" download>Pobierz<\/a><\/div>\n","protected":false},"excerpt":{"rendered":"","protected":false},"author":1,"featured_media":0,"parent":0,"menu_order":0,"comment_status":"closed","ping_status":"closed","template":"","meta":{"footnotes":""},"class_list":["post-455","page","type-page","status-publish","hentry"],"_links":{"self":[{"href":"https:\/\/zlotyops.pl\/index.php?rest_route=\/wp\/v2\/pages\/455","targetHints":{"allow":["GET"]}}],"collection":[{"href":"https:\/\/zlotyops.pl\/index.php?rest_route=\/wp\/v2\/pages"}],"about":[{"href":"https:\/\/zlotyops.pl\/index.php?rest_route=\/wp\/v2\/types\/page"}],"author":[{"embeddable":true,"href":"https:\/\/zlotyops.pl\/index.php?rest_route=\/wp\/v2\/users\/1"}],"replies":[{"embeddable":true,"href":"https:\/\/zlotyops.pl\/index.php?rest_route=%2Fwp%2Fv2%2Fcomments&post=455"}],"version-history":[{"count":1,"href":"https:\/\/zlotyops.pl\/index.php?rest_route=\/wp\/v2\/pages\/455\/revisions"}],"predecessor-version":[{"id":459,"href":"https:\/\/zlotyops.pl\/index.php?rest_route=\/wp\/v2\/pages\/455\/revisions\/459"}],"wp:attachment":[{"href":"https:\/\/zlotyops.pl\/index.php?rest_route=%2Fwp%2Fv2%2Fmedia&parent=455"}],"curies":[{"name":"wp","href":"https:\/\/api.w.org\/{rel}","templated":true}]}}