{"id":655,"date":"2023-08-25T19:05:30","date_gmt":"2023-08-25T19:05:30","guid":{"rendered":"http:\/\/elektronik.nazwa.pl\/wp_new\/?page_id=655"},"modified":"2023-08-25T19:05:45","modified_gmt":"2023-08-25T19:05:45","slug":"informacja-o-przetwarzaniu-danych-osobowych-zgodnie-z-artykulem-13-rodo-w-zwiazku-z-nagrywaniem-rozmow-telefonicznych","status":"publish","type":"page","link":"https:\/\/zlotyops.pl\/?page_id=655","title":{"rendered":"Informacja o przetwarzaniu danych osobowych zgodnie z Artyku\u0142em 13 RODO w zwi\u0105zku z nagrywaniem rozm\u00f3w telefonicznych"},"content":{"rendered":"<p>Administrator Danych:\u00a0\u00a0\u00a0\u00a0\u00a0\u00a0\u00a0\u00a0\u00a0\u00a0\u00a0\u00a0\u00a0\u00a0\u00a0\u00a0\u00a0 O\u015brodek Pomocy Spo\u0142ecznej<\/p>\n<p>Adres: pl. Adama Mickiewicza 1, 57-250 Z\u0142oty Stok<\/p>\n<p>Kontakt: ops@zlotyops.pl | tel. 74 817 52 88<\/p>\n<p>Inspektor Ochrony Danych:\u00a0\u00a0\u00a0\u00a0\u00a0\u00a0\u00a0\u00a0 iod@zlotyops.pl<\/p>\n<p>&nbsp;<\/p>\n<p>Uprzejmie informujemy, \u017ce w trakcie rozm\u00f3w telefonicznych z naszym O\u015brodkiem, Pani\/Pana dane osobowe s\u0105 rejestrowane w celu monitorowania jako\u015bci obs\u0142ugi oraz zabezpieczenia interesu prawnego.<\/p>\n<p>&nbsp;<\/p>\n<ol>\n<li>Podstawa prawna: Art. 6 ust. 1 lit. a) RODO, Art. 6 ust. 1 lit. f) RODO oraz Art.9 ust. 2 lit. a) RODO.<\/li>\n<li>Kontynuuj\u0105c rozmow\u0119 po otrzymaniu informacji o jej nagrywaniu, wyra\u017ca Pani\/Pan zgod\u0119 na przetwarzanie swoich danych osobowych. Zakres udost\u0119pnionych danych zale\u017cy od tre\u015bci rozmowy.<\/li>\n<li>Okres przechowywania: Nagrania s\u0105 przechowywane maksymalnie przez trzy miesi\u0105ce lub do momentu przedawnienia ewentualnych roszcze\u0144. Je\u015bli nagranie mo\u017ce s\u0142u\u017cy\u0107 jako dow\u00f3d w post\u0119powaniu, jego przechowywanie zostanie przed\u0142u\u017cone do zako\u0144czenia tego post\u0119powania. Po tym czasie nagrania s\u0105 niszczone, chyba \u017ce inne przepisy stanowi\u0105 inaczej.<\/li>\n<li>Odbiorcy danych: Pani\/Pana dane mog\u0105 by\u0107 udost\u0119pniane podmiotom uprawnionym na mocy przepis\u00f3w prawa, w tym organom zajmuj\u0105cym si\u0119 informacj\u0105 publiczn\u0105 oraz organom prowadz\u0105cym post\u0119powania na podstawie skargi lub wniosku.<\/li>\n<li>Prawa osoby, kt\u00f3rej dane dotycz\u0105: Ma Pani\/Pan prawo dost\u0119pu do swoich danych, ich sprostowania, usuni\u0119cia, ograniczenia przetwarzania oraz wniesienia sprzeciwu wobec przetwarzania. W przypadku, gdy uwa\u017ca Pani\/Pan, \u017ce przetwarzanie narusza przepisy RODO, ma Pani\/Pan prawo wniesienia skargi do Prezesa Urz\u0119du Ochrony Danych Osobowych.<\/li>\n<li>Zgoda na nagrywanie jest dobrowolna, ale konieczna do za\u0142atwienia sprawy telefonicznie. W przypadku braku zgody, prosimy o kontakt w formie pisemnej lub elektronicznej.<\/li>\n<li>Informujemy, \u017ce Pani\/Pana dane nie b\u0119d\u0105 przetwarzane w spos\u00f3b zautomatyzowany, w tym r\u00f3wnie\u017c profilowane.<\/li>\n<\/ol>\n","protected":false},"excerpt":{"rendered":"<p>Administrator Danych:\u00a0\u00a0\u00a0\u00a0\u00a0\u00a0\u00a0\u00a0\u00a0\u00a0\u00a0\u00a0\u00a0\u00a0\u00a0\u00a0\u00a0 O\u015brodek Pomocy Spo\u0142ecznej Adres: pl. Adama Mickiewicza 1, 57-250 Z\u0142oty Stok Kontakt: ops@zlotyops.pl | tel. 74 817 52 88 Inspektor Ochrony Danych:\u00a0\u00a0\u00a0\u00a0\u00a0\u00a0\u00a0\u00a0 iod@zlotyops.pl &nbsp; Uprzejmie informujemy, \u017ce w trakcie rozm\u00f3w telefonicznych z naszym O\u015brodkiem, Pani\/Pana dane osobowe s\u0105 rejestrowane w celu monitorowania jako\u015bci obs\u0142ugi oraz zabezpieczenia interesu prawnego. &nbsp; Podstawa prawna: Art. 6 [&hellip;]<\/p>\n","protected":false},"author":1,"featured_media":0,"parent":19,"menu_order":0,"comment_status":"closed","ping_status":"closed","template":"","meta":{"footnotes":""},"class_list":["post-655","page","type-page","status-publish","hentry"],"_links":{"self":[{"href":"https:\/\/zlotyops.pl\/index.php?rest_route=\/wp\/v2\/pages\/655","targetHints":{"allow":["GET"]}}],"collection":[{"href":"https:\/\/zlotyops.pl\/index.php?rest_route=\/wp\/v2\/pages"}],"about":[{"href":"https:\/\/zlotyops.pl\/index.php?rest_route=\/wp\/v2\/types\/page"}],"author":[{"embeddable":true,"href":"https:\/\/zlotyops.pl\/index.php?rest_route=\/wp\/v2\/users\/1"}],"replies":[{"embeddable":true,"href":"https:\/\/zlotyops.pl\/index.php?rest_route=%2Fwp%2Fv2%2Fcomments&post=655"}],"version-history":[{"count":1,"href":"https:\/\/zlotyops.pl\/index.php?rest_route=\/wp\/v2\/pages\/655\/revisions"}],"predecessor-version":[{"id":656,"href":"https:\/\/zlotyops.pl\/index.php?rest_route=\/wp\/v2\/pages\/655\/revisions\/656"}],"up":[{"embeddable":true,"href":"https:\/\/zlotyops.pl\/index.php?rest_route=\/wp\/v2\/pages\/19"}],"wp:attachment":[{"href":"https:\/\/zlotyops.pl\/index.php?rest_route=%2Fwp%2Fv2%2Fmedia&parent=655"}],"curies":[{"name":"wp","href":"https:\/\/api.w.org\/{rel}","templated":true}]}}