{"id":661,"date":"2023-08-25T17:04:00","date_gmt":"2023-08-25T17:04:00","guid":{"rendered":"http:\/\/elektronik.nazwa.pl\/wp_new\/?page_id=661"},"modified":"2023-09-01T17:09:51","modified_gmt":"2023-09-01T17:09:51","slug":"program-asystent-osobisty-osoby-z-niepelnosprawnoscia-szacowanie-potrzeb-na-2024-rok","status":"publish","type":"page","link":"https:\/\/zlotyops.pl\/?page_id=661","title":{"rendered":"PROGRAM \u201eASYSTENT OSOBISTY OSOBY Z NIEPE\u0141NOSPRAWNO\u015aCI\u0104\u201d   \u2013 SZACOWANIE POTRZEB  NA 2024 ROK"},"content":{"rendered":"<p><a href=\"http:\/\/elektronik.nazwa.pl\/wp_new\/wp-content\/uploads\/2023\/09\/AOON2024-2.jpg\"><img loading=\"lazy\" decoding=\"async\" class=\"aligncenter size-full wp-image-667\" src=\"http:\/\/elektronik.nazwa.pl\/wp_new\/wp-content\/uploads\/2023\/09\/AOON2024-2.jpg\" alt=\"\" width=\"754\" height=\"866\" srcset=\"https:\/\/zlotyops.pl\/wp-content\/uploads\/2023\/09\/AOON2024-2.jpg 754w, https:\/\/zlotyops.pl\/wp-content\/uploads\/2023\/09\/AOON2024-2-261x300.jpg 261w\" sizes=\"auto, (max-width: 754px) 100vw, 754px\" \/><\/a><\/p>\n<p><a href=\"http:\/\/elektronik.nazwa.pl\/wp_new\/wp-content\/uploads\/2023\/09\/ProgramAOON2024.pdf\">PROGRAM \u201eASYSTENT OSOBISTY OSOBY Z NIEPE\u0141NOSPRAWNO\u015aCI\u0104\u201d \u2013 SZACOWANIE POTRZEB NA 2024 ROK<\/a><\/p>\n","protected":false},"excerpt":{"rendered":"<p>PROGRAM \u201eASYSTENT OSOBISTY OSOBY Z NIEPE\u0141NOSPRAWNO\u015aCI\u0104\u201d \u2013 SZACOWANIE POTRZEB NA 2024 ROK<\/p>\n","protected":false},"author":1,"featured_media":0,"parent":0,"menu_order":0,"comment_status":"closed","ping_status":"closed","template":"","meta":{"footnotes":""},"class_list":["post-661","page","type-page","status-publish","hentry"],"_links":{"self":[{"href":"https:\/\/zlotyops.pl\/index.php?rest_route=\/wp\/v2\/pages\/661","targetHints":{"allow":["GET"]}}],"collection":[{"href":"https:\/\/zlotyops.pl\/index.php?rest_route=\/wp\/v2\/pages"}],"about":[{"href":"https:\/\/zlotyops.pl\/index.php?rest_route=\/wp\/v2\/types\/page"}],"author":[{"embeddable":true,"href":"https:\/\/zlotyops.pl\/index.php?rest_route=\/wp\/v2\/users\/1"}],"replies":[{"embeddable":true,"href":"https:\/\/zlotyops.pl\/index.php?rest_route=%2Fwp%2Fv2%2Fcomments&post=661"}],"version-history":[{"count":2,"href":"https:\/\/zlotyops.pl\/index.php?rest_route=\/wp\/v2\/pages\/661\/revisions"}],"predecessor-version":[{"id":668,"href":"https:\/\/zlotyops.pl\/index.php?rest_route=\/wp\/v2\/pages\/661\/revisions\/668"}],"wp:attachment":[{"href":"https:\/\/zlotyops.pl\/index.php?rest_route=%2Fwp%2Fv2%2Fmedia&parent=661"}],"curies":[{"name":"wp","href":"https:\/\/api.w.org\/{rel}","templated":true}]}}