{"id":673,"date":"2023-12-07T17:55:23","date_gmt":"2023-12-07T17:55:23","guid":{"rendered":"http:\/\/elektronik.nazwa.pl\/wp_new\/?page_id=673"},"modified":"2023-12-19T11:28:15","modified_gmt":"2023-12-19T11:28:15","slug":"zapytanie-ofertowe-dozywianie-doroslych-mieszkancow-gminy-zloty-stok-w-2024-roku","status":"publish","type":"page","link":"https:\/\/zlotyops.pl\/?page_id=673","title":{"rendered":"Zapytanie ofertowe &#8211; Do\u017cywianie doros\u0142ych mieszka\u0144c\u00f3w gminy Z\u0142oty Stok w 2024 roku"},"content":{"rendered":"<p><a href=\"http:\/\/elektronik.nazwa.pl\/wp_new\/wp-content\/uploads\/2023\/12\/Zapytanie-Ofertowe-Dozywianie-doroslych-mieszkancow-gminy-Zloty-Stok-w-2024r.pdf\">Zapytanie Ofertowe &#8211; Do\u017cywianie doros\u0142ych mieszka\u0144c\u00f3w gminy Z\u0142oty Stok w 2024r<\/a><\/p>\n<p><a href=\"http:\/\/elektronik.nazwa.pl\/wp_new\/wp-content\/uploads\/2023\/12\/Informacja_o_rozstrzygnieciu_zapytania_ofertowego_2023.pdf\">Informacja_o_rozstrzygnieciu_zapytania_ofertowego<\/a><\/p>\n","protected":false},"excerpt":{"rendered":"<p>Zapytanie Ofertowe &#8211; Do\u017cywianie doros\u0142ych mieszka\u0144c\u00f3w gminy Z\u0142oty Stok w 2024r Informacja_o_rozstrzygnieciu_zapytania_ofertowego<\/p>\n","protected":false},"author":1,"featured_media":0,"parent":0,"menu_order":0,"comment_status":"closed","ping_status":"closed","template":"","meta":{"footnotes":""},"class_list":["post-673","page","type-page","status-publish","hentry"],"_links":{"self":[{"href":"https:\/\/zlotyops.pl\/index.php?rest_route=\/wp\/v2\/pages\/673","targetHints":{"allow":["GET"]}}],"collection":[{"href":"https:\/\/zlotyops.pl\/index.php?rest_route=\/wp\/v2\/pages"}],"about":[{"href":"https:\/\/zlotyops.pl\/index.php?rest_route=\/wp\/v2\/types\/page"}],"author":[{"embeddable":true,"href":"https:\/\/zlotyops.pl\/index.php?rest_route=\/wp\/v2\/users\/1"}],"replies":[{"embeddable":true,"href":"https:\/\/zlotyops.pl\/index.php?rest_route=%2Fwp%2Fv2%2Fcomments&post=673"}],"version-history":[{"count":2,"href":"https:\/\/zlotyops.pl\/index.php?rest_route=\/wp\/v2\/pages\/673\/revisions"}],"predecessor-version":[{"id":679,"href":"https:\/\/zlotyops.pl\/index.php?rest_route=\/wp\/v2\/pages\/673\/revisions\/679"}],"wp:attachment":[{"href":"https:\/\/zlotyops.pl\/index.php?rest_route=%2Fwp%2Fv2%2Fmedia&parent=673"}],"curies":[{"name":"wp","href":"https:\/\/api.w.org\/{rel}","templated":true}]}}