{"id":687,"date":"2024-02-14T17:59:13","date_gmt":"2024-02-14T17:59:13","guid":{"rendered":"https:\/\/elektronik.nazwa.pl\/wp_new\/?page_id=687"},"modified":"2024-02-14T17:59:13","modified_gmt":"2024-02-14T17:59:13","slug":"asystent-osobisty-osoby-z-niepelnosprawnoscia-edycja-2024","status":"publish","type":"page","link":"https:\/\/zlotyops.pl\/?page_id=687","title":{"rendered":"Asystent osobisty osoby z niepe\u0142nosprawno\u015bci\u0105 &#8211; edycja 2024"},"content":{"rendered":"<p><a href=\"http:\/\/elektronik.nazwa.pl\/wp_new\/wp-content\/uploads\/2024\/02\/obraz_2024-02-14_185518654.png\"><img loading=\"lazy\" decoding=\"async\" class=\"aligncenter size-full wp-image-683\" src=\"http:\/\/elektronik.nazwa.pl\/wp_new\/wp-content\/uploads\/2024\/02\/obraz_2024-02-14_185518654.png\" alt=\"\" width=\"670\" height=\"940\" srcset=\"https:\/\/zlotyops.pl\/wp-content\/uploads\/2024\/02\/obraz_2024-02-14_185518654.png 670w, https:\/\/zlotyops.pl\/wp-content\/uploads\/2024\/02\/obraz_2024-02-14_185518654-214x300.png 214w\" sizes=\"auto, (max-width: 670px) 100vw, 670px\" \/><\/a><\/p>\n<p><a href=\"http:\/\/elektronik.nazwa.pl\/wp_new\/wp-content\/uploads\/2024\/02\/obraz_2024-02-14_185614020.png\"><img loading=\"lazy\" decoding=\"async\" class=\"aligncenter size-full wp-image-684\" src=\"http:\/\/elektronik.nazwa.pl\/wp_new\/wp-content\/uploads\/2024\/02\/obraz_2024-02-14_185614020.png\" alt=\"\" width=\"665\" height=\"943\" srcset=\"https:\/\/zlotyops.pl\/wp-content\/uploads\/2024\/02\/obraz_2024-02-14_185614020.png 665w, https:\/\/zlotyops.pl\/wp-content\/uploads\/2024\/02\/obraz_2024-02-14_185614020-212x300.png 212w\" sizes=\"auto, (max-width: 665px) 100vw, 665px\" \/><\/a><\/p>\n","protected":false},"excerpt":{"rendered":"","protected":false},"author":1,"featured_media":0,"parent":0,"menu_order":0,"comment_status":"closed","ping_status":"closed","template":"","meta":{"footnotes":""},"class_list":["post-687","page","type-page","status-publish","hentry"],"_links":{"self":[{"href":"https:\/\/zlotyops.pl\/index.php?rest_route=\/wp\/v2\/pages\/687","targetHints":{"allow":["GET"]}}],"collection":[{"href":"https:\/\/zlotyops.pl\/index.php?rest_route=\/wp\/v2\/pages"}],"about":[{"href":"https:\/\/zlotyops.pl\/index.php?rest_route=\/wp\/v2\/types\/page"}],"author":[{"embeddable":true,"href":"https:\/\/zlotyops.pl\/index.php?rest_route=\/wp\/v2\/users\/1"}],"replies":[{"embeddable":true,"href":"https:\/\/zlotyops.pl\/index.php?rest_route=%2Fwp%2Fv2%2Fcomments&post=687"}],"version-history":[{"count":1,"href":"https:\/\/zlotyops.pl\/index.php?rest_route=\/wp\/v2\/pages\/687\/revisions"}],"predecessor-version":[{"id":688,"href":"https:\/\/zlotyops.pl\/index.php?rest_route=\/wp\/v2\/pages\/687\/revisions\/688"}],"wp:attachment":[{"href":"https:\/\/zlotyops.pl\/index.php?rest_route=%2Fwp%2Fv2%2Fmedia&parent=687"}],"curies":[{"name":"wp","href":"https:\/\/api.w.org\/{rel}","templated":true}]}}