{"id":700,"date":"2024-08-13T17:03:12","date_gmt":"2024-08-13T17:03:12","guid":{"rendered":"https:\/\/elektronik.nazwa.pl\/wp_new\/?page_id=700"},"modified":"2024-08-13T17:03:12","modified_gmt":"2024-08-13T17:03:12","slug":"nabor-do-programu-asystent-osobisty-osoby-z-niepelnosprawnoscia-na-2025-rok","status":"publish","type":"page","link":"https:\/\/zlotyops.pl\/?page_id=700","title":{"rendered":"NAB\u00d3R DO PROGRAMU \u201eASYSTENT OSOBISTY OSOBY Z NIEPE\u0141NOSPRAWNO\u015aCI\u0104\u201d NA 2025 ROK"},"content":{"rendered":"<p><a href=\"http:\/\/elektronik.nazwa.pl\/wp_new\/wp-content\/uploads\/2024\/08\/Naglowek.jpg\"><img loading=\"lazy\" decoding=\"async\" class=\"size-full wp-image-696 aligncenter\" src=\"http:\/\/elektronik.nazwa.pl\/wp_new\/wp-content\/uploads\/2024\/08\/Naglowek.jpg\" alt=\"\" width=\"501\" height=\"120\" srcset=\"https:\/\/zlotyops.pl\/wp-content\/uploads\/2024\/08\/Naglowek.jpg 501w, https:\/\/zlotyops.pl\/wp-content\/uploads\/2024\/08\/Naglowek-300x72.jpg 300w\" sizes=\"auto, (max-width: 501px) 100vw, 501px\" \/><\/a><\/p>\n<p style=\"text-align: center;\"><strong>NAB\u00d3R DO PROGRAMU \u201eASYSTENT OSOBISTY OSOBY <\/strong><\/p>\n<p style=\"text-align: center;\"><strong>Z NIEPE\u0141NOSPRAWNO\u015aCI\u0104\u201d \u00a0NA 2025 ROK<\/strong><\/p>\n<p>&nbsp;<\/p>\n<p>O\u015brodek Pomocy Spo\u0142ecznej w Z\u0142otym Stoku\u00a0 og\u0142asza nab\u00f3r wniosk\u00f3w w ramach resortowego programu Ministra Rodziny, Pracy i Polityki Spo\u0142ecznej \u201eAsystent osobisty osoby z niepe\u0142nosprawno\u015bci\u0105\u201d dla Jednostek Samorz\u0105du Terytorialnego \u2013 edycja 2025. Program realizowany jest przy wsparciu finansowym ze \u015brodk\u00f3w pochodz\u0105cych z Funduszu Solidarno\u015bciowego.<\/p>\n<p>G\u0142\u00f3wnym celem Programu jest wprowadzenie us\u0142ug asystencji osobistej jako formy og\u00f3lnodost\u0119pnego wsparcia w wykonywaniu codziennych czynno\u015bci oraz\u00a0 funkcjonowaniu w \u017cyciu spo\u0142ecznym.<\/p>\n<p><strong>Adresatami\u00a0 programu s\u0105<\/strong>:<\/p>\n<ul>\n<li>dzieci od uko\u0144czenia 2. roku \u017cycia do uko\u0144czenia 16. roku \u017cycia posiadaj\u0105ce orzeczenie o niepe\u0142nosprawno\u015bci \u0142\u0105cznie ze wskazaniami w pkt 7 i 8 w orzeczeniu o niepe\u0142nosprawno\u015bci \u2013 konieczno\u015bci sta\u0142ej lub d\u0142ugotrwa\u0142ej opieki lub pomocy innej osoby w zwi\u0105zku ze znacznie ograniczon\u0105 mo\u017cliwo\u015bci\u0105 samodzielnej egzystencji oraz konieczno\u015bci sta\u0142ego wsp\u00f3\u0142udzia\u0142u na co dzie\u0144 opiekuna dziecka w procesie jego leczenia, rehabilitacji i edukacji,<\/li>\n<li>osoby z niepe\u0142nosprawno\u015bciami posiadaj\u0105ce orzeczenie:\n<ul>\n<li>o znacznym stopniu niepe\u0142nosprawno\u015bci albo<\/li>\n<li>o umiarkowanym stopniu niepe\u0142nosprawno\u015bci albo<\/li>\n<li>traktowane na r\u00f3wni z orzeczeniami w\/w zgodnie z art. 5 i art. 62 ustawy z dnia 27 sierpnia 1997 r. o rehabilitacji zawodowej i spo\u0142ecznej oraz zatrudnianiu os\u00f3b niepe\u0142nosprawnych.<\/li>\n<\/ul>\n<\/li>\n<\/ul>\n<p><strong>Us\u0142ugi asystencji osobistej polegaj\u0105 na wspieraniu przez asystenta osoby z niepe\u0142nosprawno\u015bci\u0105 \u00a0w r\u00f3\u017cnych sferach \u017cycia, w tym:<\/strong><\/p>\n<ul>\n<li>wsparcia uczestnika w czynno\u015bciach samoobs\u0142ugowych, w tym utrzymaniu higieny osobistej;<\/li>\n<li>wsparcia uczestnika w prowadzeniu gospodarstwa domowego i wype\u0142nianiu r\u00f3l w rodzinie;<\/li>\n<li>wsparcia uczestnika w przemieszczaniu si\u0119 poza miejscem zamieszkania;<\/li>\n<li>wsparcia uczestnika w podejmowaniu aktywno\u015bci \u017cyciowej i komunikowaniu si\u0119 z otoczeniem.<\/li>\n<\/ul>\n<p>Za realizacj\u0119 us\u0142ugi asystenckiej\u00a0 uczestnik nie ponosi odp\u0142atno\u015bci.<\/p>\n<p>Cz\u0119\u015bci\u0105 przygotowa\u0144 do z\u0142o\u017cenia wniosku o\u00a0finansowanie us\u0142ug jest oszacowanie zapotrzebowania na us\u0142ugi asystencji osobistej. <strong>Prosimy wszystkie osoby zainteresowane wsparciem w ramach Programu o kontakt z pracownikami socjalnymi O\u015brodka Pomocy Spo\u0142ecznej w Z\u0142otym Stoku pl. A. Mickiewicza 1, \u00a0tel. 74 8 175 288 \u00a0lub email: <\/strong><a href=\"mailto:ops@zlotyops.pl\"><strong>ops@zlotyops.pl<\/strong><\/a><strong> \u00a0w terminie do dnia \u00a0<u>22 sierpnia 2024r<\/u>. <\/strong><\/p>\n<p><strong>\u00a0<\/strong>Posiadanie przez nas wiedzy na temat potrzeb wsparcia w ramach programu AOON pozwoli na przygotowanie wniosku o\u00a0przyznanie \u015brodk\u00f3w na realizacj\u0119 us\u0142ug asystenckich zgodnego \u00a0z potrzebami mieszka\u0144c\u00f3w gminy \u00a0Z\u0142oty Stok.<\/p>\n<p>Szczeg\u00f3\u0142owe informacje na temat programu znajduj\u0105 si\u0119 na stronie:<\/p>\n<p><a href=\"https:\/\/niepelnosprawni.gov.pl\/a,1533,nabor-wnioskow-w-ramach-resortowego-programu-ministra-rodziny-pracy-i-polityki-spolecznej-asystent-osobisty-osoby-z-niepelnosprawnoscia-dla-jednostek-samorzadu-terytorialnego-edycja-2025\">https:\/\/niepelnosprawni.gov.pl\/a,1533,nabor-wnioskow-w-ramach-resortowego-programu-ministra-rodziny-pracy-i-polityki-spolecznej-asystent-osobisty-osoby-z-niepelnosprawnoscia-dla-jednostek-samorzadu-terytorialnego-edycja-2025<\/a><\/p>\n","protected":false},"excerpt":{"rendered":"<p>NAB\u00d3R DO PROGRAMU \u201eASYSTENT OSOBISTY OSOBY Z NIEPE\u0141NOSPRAWNO\u015aCI\u0104\u201d \u00a0NA 2025 ROK &nbsp; O\u015brodek Pomocy Spo\u0142ecznej w Z\u0142otym Stoku\u00a0 og\u0142asza nab\u00f3r wniosk\u00f3w w ramach resortowego programu Ministra Rodziny, Pracy i Polityki Spo\u0142ecznej \u201eAsystent osobisty osoby z niepe\u0142nosprawno\u015bci\u0105\u201d dla Jednostek Samorz\u0105du Terytorialnego \u2013 edycja 2025. Program realizowany jest przy wsparciu finansowym ze \u015brodk\u00f3w pochodz\u0105cych z Funduszu Solidarno\u015bciowego. [&hellip;]<\/p>\n","protected":false},"author":1,"featured_media":0,"parent":0,"menu_order":0,"comment_status":"closed","ping_status":"closed","template":"","meta":{"footnotes":""},"class_list":["post-700","page","type-page","status-publish","hentry"],"_links":{"self":[{"href":"https:\/\/zlotyops.pl\/index.php?rest_route=\/wp\/v2\/pages\/700","targetHints":{"allow":["GET"]}}],"collection":[{"href":"https:\/\/zlotyops.pl\/index.php?rest_route=\/wp\/v2\/pages"}],"about":[{"href":"https:\/\/zlotyops.pl\/index.php?rest_route=\/wp\/v2\/types\/page"}],"author":[{"embeddable":true,"href":"https:\/\/zlotyops.pl\/index.php?rest_route=\/wp\/v2\/users\/1"}],"replies":[{"embeddable":true,"href":"https:\/\/zlotyops.pl\/index.php?rest_route=%2Fwp%2Fv2%2Fcomments&post=700"}],"version-history":[{"count":1,"href":"https:\/\/zlotyops.pl\/index.php?rest_route=\/wp\/v2\/pages\/700\/revisions"}],"predecessor-version":[{"id":701,"href":"https:\/\/zlotyops.pl\/index.php?rest_route=\/wp\/v2\/pages\/700\/revisions\/701"}],"wp:attachment":[{"href":"https:\/\/zlotyops.pl\/index.php?rest_route=%2Fwp%2Fv2%2Fmedia&parent=700"}],"curies":[{"name":"wp","href":"https:\/\/api.w.org\/{rel}","templated":true}]}}