{"id":726,"date":"2025-01-14T20:51:24","date_gmt":"2025-01-14T20:51:24","guid":{"rendered":"https:\/\/zlotyops.pl\/?page_id=726"},"modified":"2025-02-26T20:51:55","modified_gmt":"2025-02-26T20:51:55","slug":"asystent-osobisty-osoby-z-niepelnosprawnoscia-edycja-2025","status":"publish","type":"page","link":"https:\/\/zlotyops.pl\/?page_id=726","title":{"rendered":"\u201eASYSTENT OSOBISTY OSOBY  Z NIEPE\u0141NOSPRAWNO\u015aCI\u0104\u201d \u2013 edycja 2025"},"content":{"rendered":"<p><a href=\"https:\/\/zlotyops.pl\/wp-content\/uploads\/2025\/02\/aoon-2025-program.jpg\"><img loading=\"lazy\" decoding=\"async\" class=\"aligncenter size-full wp-image-722\" src=\"https:\/\/zlotyops.pl\/wp-content\/uploads\/2025\/02\/aoon-2025-program.jpg\" alt=\"\" width=\"1181\" height=\"1671\" srcset=\"https:\/\/zlotyops.pl\/wp-content\/uploads\/2025\/02\/aoon-2025-program.jpg 1181w, https:\/\/zlotyops.pl\/wp-content\/uploads\/2025\/02\/aoon-2025-program-212x300.jpg 212w, https:\/\/zlotyops.pl\/wp-content\/uploads\/2025\/02\/aoon-2025-program-724x1024.jpg 724w, https:\/\/zlotyops.pl\/wp-content\/uploads\/2025\/02\/aoon-2025-program-768x1087.jpg 768w, https:\/\/zlotyops.pl\/wp-content\/uploads\/2025\/02\/aoon-2025-program-1086x1536.jpg 1086w\" sizes=\"auto, (max-width: 1181px) 100vw, 1181px\" \/><\/a><\/p>\n<p><a href=\"https:\/\/zlotyops.pl\/wp-content\/uploads\/2025\/02\/aoon-2025-dofinansowanie.jpg\"><img loading=\"lazy\" decoding=\"async\" class=\"aligncenter size-full wp-image-723\" src=\"https:\/\/zlotyops.pl\/wp-content\/uploads\/2025\/02\/aoon-2025-dofinansowanie.jpg\" alt=\"\" width=\"1379\" height=\"1952\" srcset=\"https:\/\/zlotyops.pl\/wp-content\/uploads\/2025\/02\/aoon-2025-dofinansowanie.jpg 1379w, https:\/\/zlotyops.pl\/wp-content\/uploads\/2025\/02\/aoon-2025-dofinansowanie-212x300.jpg 212w, https:\/\/zlotyops.pl\/wp-content\/uploads\/2025\/02\/aoon-2025-dofinansowanie-723x1024.jpg 723w, https:\/\/zlotyops.pl\/wp-content\/uploads\/2025\/02\/aoon-2025-dofinansowanie-768x1087.jpg 768w, https:\/\/zlotyops.pl\/wp-content\/uploads\/2025\/02\/aoon-2025-dofinansowanie-1085x1536.jpg 1085w\" sizes=\"auto, (max-width: 1379px) 100vw, 1379px\" \/><\/a><\/p>\n","protected":false},"excerpt":{"rendered":"","protected":false},"author":1,"featured_media":0,"parent":0,"menu_order":0,"comment_status":"closed","ping_status":"closed","template":"","meta":{"footnotes":""},"class_list":["post-726","page","type-page","status-publish","hentry"],"_links":{"self":[{"href":"https:\/\/zlotyops.pl\/index.php?rest_route=\/wp\/v2\/pages\/726","targetHints":{"allow":["GET"]}}],"collection":[{"href":"https:\/\/zlotyops.pl\/index.php?rest_route=\/wp\/v2\/pages"}],"about":[{"href":"https:\/\/zlotyops.pl\/index.php?rest_route=\/wp\/v2\/types\/page"}],"author":[{"embeddable":true,"href":"https:\/\/zlotyops.pl\/index.php?rest_route=\/wp\/v2\/users\/1"}],"replies":[{"embeddable":true,"href":"https:\/\/zlotyops.pl\/index.php?rest_route=%2Fwp%2Fv2%2Fcomments&post=726"}],"version-history":[{"count":1,"href":"https:\/\/zlotyops.pl\/index.php?rest_route=\/wp\/v2\/pages\/726\/revisions"}],"predecessor-version":[{"id":727,"href":"https:\/\/zlotyops.pl\/index.php?rest_route=\/wp\/v2\/pages\/726\/revisions\/727"}],"wp:attachment":[{"href":"https:\/\/zlotyops.pl\/index.php?rest_route=%2Fwp%2Fv2%2Fmedia&parent=726"}],"curies":[{"name":"wp","href":"https:\/\/api.w.org\/{rel}","templated":true}]}}