{"id":737,"date":"2025-12-09T17:20:43","date_gmt":"2025-12-09T17:20:43","guid":{"rendered":"https:\/\/zlotyops.pl\/?page_id=737"},"modified":"2025-12-09T17:20:43","modified_gmt":"2025-12-09T17:20:43","slug":"zapytanie-ofertowe-dozywianie-doroslych-mieszkancow-gminy-zloty-stok-w-2026","status":"publish","type":"page","link":"https:\/\/zlotyops.pl\/?page_id=737","title":{"rendered":"Zapytanie ofertowe Do\u017cywianie doros\u0142ych mieszka\u0144c\u00f3w gminy Z\u0142oty Stok w 2026"},"content":{"rendered":"<p><a href=\"http:\/\/www.opszlotystok.biuletyn.net.pl\/bip-strona-169-zapytanieofertowedozywianiedoroslychmieszkancowgmi.apytanieofertowedozywianiedoroslychmieszkancowgminyzlotystokw2026.html\">Zapytanie ofertowe Do\u017cywianie doros\u0142ych mieszka\u0144c\u00f3w gminy Z\u0142oty Stok w 2026<\/a><\/p>\n","protected":false},"excerpt":{"rendered":"<p>Zapytanie ofertowe Do\u017cywianie doros\u0142ych mieszka\u0144c\u00f3w gminy Z\u0142oty Stok w 2026<\/p>\n","protected":false},"author":1,"featured_media":0,"parent":0,"menu_order":0,"comment_status":"closed","ping_status":"closed","template":"","meta":{"footnotes":""},"class_list":["post-737","page","type-page","status-publish","hentry"],"_links":{"self":[{"href":"https:\/\/zlotyops.pl\/index.php?rest_route=\/wp\/v2\/pages\/737","targetHints":{"allow":["GET"]}}],"collection":[{"href":"https:\/\/zlotyops.pl\/index.php?rest_route=\/wp\/v2\/pages"}],"about":[{"href":"https:\/\/zlotyops.pl\/index.php?rest_route=\/wp\/v2\/types\/page"}],"author":[{"embeddable":true,"href":"https:\/\/zlotyops.pl\/index.php?rest_route=\/wp\/v2\/users\/1"}],"replies":[{"embeddable":true,"href":"https:\/\/zlotyops.pl\/index.php?rest_route=%2Fwp%2Fv2%2Fcomments&post=737"}],"version-history":[{"count":1,"href":"https:\/\/zlotyops.pl\/index.php?rest_route=\/wp\/v2\/pages\/737\/revisions"}],"predecessor-version":[{"id":738,"href":"https:\/\/zlotyops.pl\/index.php?rest_route=\/wp\/v2\/pages\/737\/revisions\/738"}],"wp:attachment":[{"href":"https:\/\/zlotyops.pl\/index.php?rest_route=%2Fwp%2Fv2%2Fmedia&parent=737"}],"curies":[{"name":"wp","href":"https:\/\/api.w.org\/{rel}","templated":true}]}}